{"id":1048,"date":"2024-01-30T21:07:46","date_gmt":"2024-01-30T20:07:46","guid":{"rendered":"https:\/\/pipacspekseg.hu\/pipacs\/?page_id=1048"},"modified":"2024-11-05T00:09:25","modified_gmt":"2024-11-04T23:09:25","slug":"sajto","status":"publish","type":"page","link":"https:\/\/pipacspekseg.hu\/pipacs\/en\/sajto\/","title":{"rendered":"Sajt\u00f3"},"content":{"rendered":"<div class=\"wp-block-cover alignfull is-light\" style=\"padding-top:var(--wp--preset--spacing--30);padding-right:var(--wp--preset--spacing--30);padding-bottom:var(--wp--preset--spacing--30);padding-left:var(--wp--preset--spacing--30);min-height:700px;aspect-ratio:unset;\"><span aria-hidden=\"true\" class=\"wp-block-cover__background has-black-background-color has-background-dim\"><\/span><img loading=\"lazy\" decoding=\"async\" width=\"1600\" height=\"1000\" class=\"wp-block-cover__image-background wp-image-1050\" alt=\"\" src=\"https:\/\/pipacspekseg.hu\/pipacs\/wp-content\/uploads\/2024\/01\/header-sajto.jpg\" data-object-fit=\"cover\" srcset=\"https:\/\/pipacspekseg.hu\/pipacs\/wp-content\/uploads\/2024\/01\/header-sajto.jpg 1600w, https:\/\/pipacspekseg.hu\/pipacs\/wp-content\/uploads\/2024\/01\/header-sajto-300x188.jpg 300w, https:\/\/pipacspekseg.hu\/pipacs\/wp-content\/uploads\/2024\/01\/header-sajto-1024x640.jpg 1024w, https:\/\/pipacspekseg.hu\/pipacs\/wp-content\/uploads\/2024\/01\/header-sajto-768x480.jpg 768w, https:\/\/pipacspekseg.hu\/pipacs\/wp-content\/uploads\/2024\/01\/header-sajto-1536x960.jpg 1536w, https:\/\/pipacspekseg.hu\/pipacs\/wp-content\/uploads\/2024\/01\/header-sajto-18x12.jpg 18w\" sizes=\"auto, (max-width: 1600px) 100vw, 1600px\" \/><div class=\"wp-block-cover__inner-container is-layout-flow wp-block-cover-is-layout-flow\">\n<div class=\"wp-block-uagb-advanced-heading uagb-block-e24b40e5\"><h1 class=\"uagb-heading-text\">Pipacs in The Press<\/h1><\/div>\n<\/div><\/div>\n\n\n\n<div class=\"wp-block-uagb-container uagb-block-f90974e1 alignfull uagb-is-root-container\"><div class=\"uagb-container-inner-blocks-wrap\">\n<div class=\"wp-block-uagb-container uagb-block-cf6cc57a\">\n<div class=\"wp-block-columns is-layout-flex wp-container-core-columns-is-layout-28f84493 wp-block-columns-is-layout-flex\">\n<div class=\"wp-block-column is-layout-flow wp-block-column-is-layout-flow\">\n<div class=\"wp-block-uagb-image uagb-block-a30ba752 wp-block-uagb-image--layout-default wp-block-uagb-image--effect-static wp-block-uagb-image--align-none\"><figure class=\"wp-block-uagb-image__figure\"><img decoding=\"async\" srcset=\"https:\/\/pipacspekseg.hu\/pipacs\/wp-content\/uploads\/2024\/01\/sajto-rtl.jpg ,https:\/\/pipacspekseg.hu\/pipacs\/wp-content\/uploads\/2024\/01\/sajto-rtl.jpg 780w, https:\/\/pipacspekseg.hu\/pipacs\/wp-content\/uploads\/2024\/01\/sajto-rtl.jpg 360w\" sizes=\"auto, (max-width: 480px) 150px\" src=\"https:\/\/pipacspekseg.hu\/pipacs\/wp-content\/uploads\/2024\/01\/sajto-rtl.jpg\" alt=\"\" class=\"uag-image-979\" width=\"874\" height=\"1014\" title=\"\" loading=\"lazy\"\/><\/figure><\/div>\n\n\n\n<div class=\"wp-block-uagb-info-box uagb-block-05e90a84 uagb-infobox__content-wrap  uagb-infobox-icon-above-title uagb-infobox-image-valign-top\"><div class=\"uagb-ifb-content\"><div class=\"uagb-ifb-title-wrap\"><span class=\"uagb-ifb-title-prefix\">RTL<\/span><h4 class=\"uagb-ifb-title\">Although the Sharks stepped out of their comfort zone, the entrepreneur refused them<\/h4><\/div><div class=\"uagb-ifb-button-wrapper wp-block-button\"><a href=\"https:\/\/rtl.hu\/capakkozott\/2022\/01\/02\/hiaba-leptek-ki-a-komfortzonajukbol-a-capak-a-vallalkozo-visszautasitotta-oket\" target=\"_blank\" onclick=\"return true;\" class=\"uagb-infobox-cta-link\" rel=\"noopener noreferrer\" alt=\"\"><span class=\"uagb-inline-editing\">Read More<\/span><svg xmlns=\"https:\/\/www.w3.org\/2000\/svg\" viewbox=\"0 0 512 512\"><path d=\"M504.3 273.6l-112.1 104c-6.992 6.484-17.18 8.218-25.94 4.406c-8.758-3.812-14.42-12.45-14.42-21.1L351.9 288H32C14.33 288 .0002 273.7 .0002 255.1S14.33 224 32 224h319.9l0-72c0-9.547 5.66-18.19 14.42-22c8.754-3.809 18.95-2.075 25.94 4.41l112.1 104C514.6 247.9 514.6 264.1 504.3 273.6z\"><\/path><\/svg><\/a><\/div><\/div><\/div>\n<\/div>\n\n\n\n<div class=\"wp-block-column is-layout-flow wp-block-column-is-layout-flow\">\n<div class=\"wp-block-uagb-image uagb-block-a54ac955 wp-block-uagb-image--layout-default wp-block-uagb-image--effect-static wp-block-uagb-image--align-none\"><figure class=\"wp-block-uagb-image__figure\"><img decoding=\"async\" srcset=\"https:\/\/pipacspekseg.hu\/pipacs\/wp-content\/uploads\/2024\/02\/img-5513.jpg ,https:\/\/pipacspekseg.hu\/pipacs\/wp-content\/uploads\/2024\/02\/img-5513.jpg 780w, https:\/\/pipacspekseg.hu\/pipacs\/wp-content\/uploads\/2024\/02\/img-5513.jpg 360w\" sizes=\"auto, (max-width: 480px) 150px\" src=\"https:\/\/pipacspekseg.hu\/pipacs\/wp-content\/uploads\/2024\/02\/img-5513.jpg\" alt=\"\" class=\"uag-image-1111\" width=\"874\" height=\"1014\" title=\"\" loading=\"lazy\"\/><\/figure><\/div>\n\n\n\n<div class=\"wp-block-uagb-info-box uagb-block-8082fe8d uagb-infobox__content-wrap  uagb-infobox-icon-above-title uagb-infobox-image-valign-top\"><div class=\"uagb-ifb-content\"><div class=\"uagb-ifb-title-wrap\"><span class=\"uagb-ifb-title-prefix\">Dining Guide<\/span><h4 class=\"uagb-ifb-title\">\u00d6n tudta, hogy az orsz\u00e1g egyik legjobb kov\u00e1szosa 100%-ban bio p\u00e9ks\u00e9g is? Hetedik \u00e9ve vir\u00e1gzik a Pipacs<\/h4><\/div><div class=\"uagb-ifb-button-wrapper wp-block-button\"><a href=\"https:\/\/diningguide.hu\/on-tudta-hogy-orszag-egyik-legjobb-kovaszosa-100-bio-pekseg-is-hetedik-eve-viragzik-a-pipacs\" target=\"_blank\" onclick=\"return true;\" class=\"uagb-infobox-cta-link\" rel=\"noopener noreferrer\" alt=\"\"><span class=\"uagb-inline-editing\">Read More<\/span><svg xmlns=\"https:\/\/www.w3.org\/2000\/svg\" viewbox=\"0 0 512 512\"><path d=\"M504.3 273.6l-112.1 104c-6.992 6.484-17.18 8.218-25.94 4.406c-8.758-3.812-14.42-12.45-14.42-21.1L351.9 288H32C14.33 288 .0002 273.7 .0002 255.1S14.33 224 32 224h319.9l0-72c0-9.547 5.66-18.19 14.42-22c8.754-3.809 18.95-2.075 25.94 4.41l112.1 104C514.6 247.9 514.6 264.1 504.3 273.6z\"><\/path><\/svg><\/a><\/div><\/div><\/div>\n<\/div>\n<\/div>\n<\/div>\n<\/div><\/div>\n\n\n\n<div style=\"height:100px\" aria-hidden=\"true\" class=\"wp-block-spacer\"><\/div>\n\n\n\n<div class=\"wp-block-uagb-container uagb-block-825f49fd alignfull uagb-is-root-container\"><div class=\"uagb-container-inner-blocks-wrap\">\n<p class=\"sajto-lista\" style=\"font-size:20px\"><a href=\"https:\/\/diningguide.hu\/a-pipacs-peksegnek-egy-kovaszos-kenyer-rajongo-befektetot-kivanunk-2022-re-orok-kenyerberlettel\/?sponsor=samsung\" target=\"_blank\" rel=\"noreferrer noopener\">We wish Pipacs P\u00e9ks\u00e9g an investor who is a fan of sourdough bread with a perpetual bread pass for 2022!<\/a>&nbsp;<br><em>2022.01.03 (diningguide.hu)<\/em><\/p>\n\n\n\n<p class=\"sajto-lista\" style=\"font-size:20px\"><a href=\"https:\/\/rtl.hu\/capakkozott\/2022\/01\/02\/ha-a-pekseg-egy-kenyer-akkor-az-eletem-a-kovasz-benne\" target=\"_blank\" rel=\"noreferrer noopener\">\"If the bakery is bread, then my life is the sourdough in it\"<\/a>&nbsp;<br>2<em>022.01.02 (rtl.hu)<\/em><\/p>\n\n\n\n<p class=\"sajto-lista\" style=\"font-size:20px\"><a href=\"http:\/\/biokultura.org\/hu\/biokultura-okopiac\/okopiaci-arusok\/1063-interju-pipacs-pekseg\" target=\"_blank\" rel=\"noreferrer noopener\">\u201eN\u00e1lunk valami olyan keny\u00e9r\u00e9lm\u00e9nyt tal\u00e1lnak meg a vev\u0151k, ami nagyon m\u00e9lyre megy\u201d<\/a>&nbsp;<br><em>2018.08.27 (biokultura.org)<\/em><\/p>\n\n\n\n<p class=\"sajto-lista\" style=\"font-size:20px\"><a href=\"https:\/\/funzine.hu\/hu\/peksegek\/\" target=\"_blank\" rel=\"noreferrer noopener\">7 p\u00e9ks\u00e9g, ahol isteni kenyeret ehetsz<\/a><br><em>2018.08.20 (funzine.hu)<\/em><\/p>\n\n\n\n<p class=\"sajto-lista\" style=\"font-size:20px\"><a href=\"https:\/\/welovebudapest.com\/toplistak\/kenyeres\/\" target=\"_blank\" rel=\"noreferrer noopener\">\u201eDE \u00daGY KELL A BOLDOGS\u00c1G, MINT EGY FALAT KENY\u00c9R\u201d<\/a><br>2<em>018.08.14 (welovebudapest.com)<\/em><\/p>\n<\/div><\/div>\n\n\n\n<div style=\"height:100px\" aria-hidden=\"true\" class=\"wp-block-spacer\"><\/div>","protected":false},"excerpt":{"rendered":"<p>Egy kov\u00e1szos keny\u00e9r-rajong\u00f3 befektet\u0151t k\u00edv\u00e1nunk a Pipacs P\u00e9ks\u00e9gnek 2022-re \u00f6r\u00f6k keny\u00e9rb\u00e9rlettel!&nbsp;2022.01.03 (diningguide.hu) \u201eHa a p\u00e9ks\u00e9g egy keny\u00e9r, akkor az \u00e9letem a kov\u00e1sz benne\u201d&nbsp;2022.01.02 (rtl.hu) \u201eN\u00e1lunk valami olyan keny\u00e9r\u00e9lm\u00e9nyt tal\u00e1lnak meg a vev\u0151k, ami nagyon m\u00e9lyre megy\u201d&nbsp;2018.08.27 (biokultura.org) 7 p\u00e9ks\u00e9g, ahol isteni kenyeret ehetsz2018.08.20 (funzine.hu) \u201eDE \u00daGY KELL A BOLDOGS\u00c1G, MINT EGY FALAT KENY\u00c9R\u201d2018.08.14 (welovebudapest.com)<\/p>","protected":false},"author":1,"featured_media":0,"parent":0,"menu_order":0,"comment_status":"closed","ping_status":"closed","template":"","meta":{"_uag_custom_page_level_css":"","site-sidebar-layout":"default","site-content-layout":"","ast-site-content-layout":"default","site-content-style":"unboxed","site-sidebar-style":"default","ast-global-header-display":"","ast-banner-title-visibility":"","ast-main-header-display":"","ast-hfb-above-header-display":"","ast-hfb-below-header-display":"","ast-hfb-mobile-header-display":"","site-post-title":"","ast-breadcrumbs-content":"","ast-featured-img":"","footer-sml-layout":"","theme-transparent-header-meta":"","adv-header-id-meta":"","stick-header-meta":"","header-above-stick-meta":"","header-main-stick-meta":"","header-below-stick-meta":"","astra-migrate-meta-layouts":"set","ast-page-background-enabled":"default","ast-page-background-meta":{"desktop":{"background-color":"var(--ast-global-color-4)","background-image":"","background-repeat":"repeat","background-position":"center center","background-size":"auto","background-attachment":"scroll","background-type":"","background-media":"","overlay-type":"","overlay-color":"","overlay-gradient":""},"tablet":{"background-color":"","background-image":"","background-repeat":"repeat","background-position":"center center","background-size":"auto","background-attachment":"scroll","background-type":"","background-media":"","overlay-type":"","overlay-color":"","overlay-gradient":""},"mobile":{"background-color":"","background-image":"","background-repeat":"repeat","background-position":"center center","background-size":"auto","background-attachment":"scroll","background-type":"","background-media":"","overlay-type":"","overlay-color":"","overlay-gradient":""}},"ast-content-background-meta":{"desktop":{"background-color":"var(--ast-global-color-5)","background-image":"","background-repeat":"repeat","background-position":"center center","background-size":"auto","background-attachment":"scroll","background-type":"","background-media":"","overlay-type":"","overlay-color":"","overlay-gradient":""},"tablet":{"background-color":"var(--ast-global-color-5)","background-image":"","background-repeat":"repeat","background-position":"center center","background-size":"auto","background-attachment":"scroll","background-type":"","background-media":"","overlay-type":"","overlay-color":"","overlay-gradient":""},"mobile":{"background-color":"var(--ast-global-color-5)","background-image":"","background-repeat":"repeat","background-position":"center center","background-size":"auto","background-attachment":"scroll","background-type":"","background-media":"","overlay-type":"","overlay-color":"","overlay-gradient":""}},"footnotes":""},"class_list":["post-1048","page","type-page","status-publish","hentry"],"uagb_featured_image_src":{"full":false,"thumbnail":false,"medium":false,"medium_large":false,"large":false,"1536x1536":false,"2048x2048":false,"trp-custom-language-flag":false},"uagb_author_info":{"display_name":"admin","author_link":"https:\/\/pipacspekseg.hu\/pipacs\/en\/author\/admin\/"},"uagb_comment_info":0,"uagb_excerpt":"Egy kov\u00e1szos keny\u00e9r-rajong\u00f3 befektet\u0151t k\u00edv\u00e1nunk a Pipacs P\u00e9ks\u00e9gnek 2022-re \u00f6r\u00f6k keny\u00e9rb\u00e9rlettel!&nbsp;2022.01.03 (diningguide.hu) \u201eHa a p\u00e9ks\u00e9g egy keny\u00e9r, akkor az \u00e9letem a kov\u00e1sz benne\u201d&nbsp;2022.01.02 (rtl.hu) \u201eN\u00e1lunk valami olyan keny\u00e9r\u00e9lm\u00e9nyt tal\u00e1lnak meg a vev\u0151k, ami nagyon m\u00e9lyre megy\u201d&nbsp;2018.08.27 (biokultura.org) 7 p\u00e9ks\u00e9g, ahol isteni kenyeret ehetsz2018.08.20 (funzine.hu) \u201eDE \u00daGY KELL A BOLDOGS\u00c1G, MINT EGY FALAT KENY\u00c9R\u201d2018.08.14 (welovebudapest.com)","_links":{"self":[{"href":"https:\/\/pipacspekseg.hu\/pipacs\/en\/wp-json\/wp\/v2\/pages\/1048","targetHints":{"allow":["GET"]}}],"collection":[{"href":"https:\/\/pipacspekseg.hu\/pipacs\/en\/wp-json\/wp\/v2\/pages"}],"about":[{"href":"https:\/\/pipacspekseg.hu\/pipacs\/en\/wp-json\/wp\/v2\/types\/page"}],"author":[{"embeddable":true,"href":"https:\/\/pipacspekseg.hu\/pipacs\/en\/wp-json\/wp\/v2\/users\/1"}],"replies":[{"embeddable":true,"href":"https:\/\/pipacspekseg.hu\/pipacs\/en\/wp-json\/wp\/v2\/comments?post=1048"}],"version-history":[{"count":8,"href":"https:\/\/pipacspekseg.hu\/pipacs\/en\/wp-json\/wp\/v2\/pages\/1048\/revisions"}],"predecessor-version":[{"id":1176,"href":"https:\/\/pipacspekseg.hu\/pipacs\/en\/wp-json\/wp\/v2\/pages\/1048\/revisions\/1176"}],"wp:attachment":[{"href":"https:\/\/pipacspekseg.hu\/pipacs\/en\/wp-json\/wp\/v2\/media?parent=1048"}],"curies":[{"name":"wp","href":"https:\/\/api.w.org\/{rel}","templated":true}]}}