{"id":1013,"date":"2024-01-29T22:34:12","date_gmt":"2024-01-29T21:34:12","guid":{"rendered":"https:\/\/pipacspekseg.hu\/pipacs\/?page_id=1013"},"modified":"2026-05-04T15:37:25","modified_gmt":"2026-05-04T13:37:25","slug":"karrier","status":"publish","type":"page","link":"https:\/\/pipacspekseg.hu\/pipacs\/karrier\/","title":{"rendered":"Karrier"},"content":{"rendered":"\n<div class=\"wp-block-cover alignfull\" style=\"padding-top:var(--wp--preset--spacing--30);padding-right:var(--wp--preset--spacing--30);padding-bottom:var(--wp--preset--spacing--30);padding-left:var(--wp--preset--spacing--30);min-height:700px;aspect-ratio:unset;\"><img loading=\"lazy\" decoding=\"async\" width=\"1600\" height=\"1000\" class=\"wp-block-cover__image-background wp-image-1017\" alt=\"\" src=\"https:\/\/pipacspekseg.hu\/pipacs\/wp-content\/uploads\/2024\/01\/header-karrier-1.jpg\" data-object-fit=\"cover\" srcset=\"https:\/\/pipacspekseg.hu\/pipacs\/wp-content\/uploads\/2024\/01\/header-karrier-1.jpg 1600w, https:\/\/pipacspekseg.hu\/pipacs\/wp-content\/uploads\/2024\/01\/header-karrier-1-300x188.jpg 300w, https:\/\/pipacspekseg.hu\/pipacs\/wp-content\/uploads\/2024\/01\/header-karrier-1-1024x640.jpg 1024w, https:\/\/pipacspekseg.hu\/pipacs\/wp-content\/uploads\/2024\/01\/header-karrier-1-768x480.jpg 768w, https:\/\/pipacspekseg.hu\/pipacs\/wp-content\/uploads\/2024\/01\/header-karrier-1-1536x960.jpg 1536w, https:\/\/pipacspekseg.hu\/pipacs\/wp-content\/uploads\/2024\/01\/header-karrier-1-18x12.jpg 18w\" sizes=\"auto, (max-width: 1600px) 100vw, 1600px\" \/><span aria-hidden=\"true\" class=\"wp-block-cover__background has-black-background-color has-background-dim\"><\/span><div class=\"wp-block-cover__inner-container is-layout-flow wp-block-cover-is-layout-flow\">\n<div class=\"wp-block-uagb-advanced-heading uagb-block-e24b40e5\"><h1 class=\"uagb-heading-text\">Karrier<\/h1><\/div>\n<\/div><\/div>\n\n\n\n<div class=\"wp-block-uagb-advanced-heading uagb-block-0df11a6b\"><h3 class=\"uagb-heading-text\"><strong><br>Gyere p\u00e9knek a Pipacsba! Szakm\u00e1t \u00e9s munk\u00e1t is adunk egyszerre a kezedbe!<\/strong><\/h3><\/div>\n\n\n\n<div class=\"wp-block-uagb-container uagb-block-94c3ed39 alignfull uagb-is-root-container\"><div class=\"uagb-container-inner-blocks-wrap\">\n<div class=\"wp-block-uagb-container uagb-block-c588f4cf\">\n<div class=\"wp-block-uagb-container uagb-block-0b55c5f1\">\n<div class=\"wp-block-uagb-info-box uagb-block-157f4823 uagb-infobox__content-wrap  uagb-infobox-icon-above-title uagb-infobox-image-valign-top\"><div class=\"uagb-ifb-content\"><div class=\"uagb-ifb-title-wrap\"><\/div><p class=\"uagb-ifb-desc\">&#8211; Betan\u00edtunk, ha p\u00e1lyav\u00e1lt\u00f3 vagy<br>&#8211; Magas szinten kitanulhatsz egy szakm\u00e1t, vagy fejlesztheted megl\u00e9v\u0151 tud\u00e1sodat<br>&#8211; \u00c9rt\u00e9kteremt\u0151, \u00e9rt\u00e9kmeg\u0151rz\u0151, kem\u00e9ny fizikai munka, ami nagy odafigyel\u00e9ssel j\u00e1r, de minden nap v\u00e9g\u00e9n nagy b\u00fcszkes\u00e9g a jutalmad<br>&#8211; A k\u00e9t kezeddel alkotni igaz\u00e1n finom \u00e9s t\u00e1pl\u00e1l\u00f3 kenyereket egyben nagyon felt\u00f6lt\u0151 is<br>&#8211; Kiz\u00e1r\u00f3lag bio alapanyagok<br>&#8211; \u00d6sszetart\u00f3 csapat, k\u00f6zvetlen hangulat<br>&#8211; Teljes munkaid\u0151<br><br>Ne habozz, gyere hozz\u00e1nk p\u00e9knek!<br>K\u00fcldd el a f\u00e9nyk\u00e9pes \u00f6n\u00e9letrajzodat \u00e9s felvessz\u00fck veled a kapcsolatot:<br><a href=\"mailto:termeles@pipacspekseg.hu\">termeles@pipacspekseg.hu<\/a><\/p><\/div><\/div>\n<\/div>\n<\/div>\n<\/div><\/div>\n","protected":false},"excerpt":{"rendered":"<p>Gyere p\u00e9knek a Pipacsba! Szakm\u00e1t \u00e9s munk\u00e1t is adunk egyszerre a kezedbe!<\/p>\n","protected":false},"author":1,"featured_media":0,"parent":0,"menu_order":0,"comment_status":"closed","ping_status":"closed","template":"","meta":{"_uag_custom_page_level_css":"","site-sidebar-layout":"default","site-content-layout":"","ast-site-content-layout":"default","site-content-style":"unboxed","site-sidebar-style":"default","ast-global-header-display":"","ast-banner-title-visibility":"","ast-main-header-display":"","ast-hfb-above-header-display":"","ast-hfb-below-header-display":"","ast-hfb-mobile-header-display":"","site-post-title":"","ast-breadcrumbs-content":"","ast-featured-img":"","footer-sml-layout":"","theme-transparent-header-meta":"","adv-header-id-meta":"","stick-header-meta":"","header-above-stick-meta":"","header-main-stick-meta":"","header-below-stick-meta":"","astra-migrate-meta-layouts":"set","ast-page-background-enabled":"default","ast-page-background-meta":{"desktop":{"background-color":"var(--ast-global-color-4)","background-image":"","background-repeat":"repeat","background-position":"center center","background-size":"auto","background-attachment":"scroll","background-type":"","background-media":"","overlay-type":"","overlay-color":"","overlay-gradient":""},"tablet":{"background-color":"","background-image":"","background-repeat":"repeat","background-position":"center center","background-size":"auto","background-attachment":"scroll","background-type":"","background-media":"","overlay-type":"","overlay-color":"","overlay-gradient":""},"mobile":{"background-color":"","background-image":"","background-repeat":"repeat","background-position":"center center","background-size":"auto","background-attachment":"scroll","background-type":"","background-media":"","overlay-type":"","overlay-color":"","overlay-gradient":""}},"ast-content-background-meta":{"desktop":{"background-color":"var(--ast-global-color-5)","background-image":"","background-repeat":"repeat","background-position":"center center","background-size":"auto","background-attachment":"scroll","background-type":"","background-media":"","overlay-type":"","overlay-color":"","overlay-gradient":""},"tablet":{"background-color":"var(--ast-global-color-5)","background-image":"","background-repeat":"repeat","background-position":"center center","background-size":"auto","background-attachment":"scroll","background-type":"","background-media":"","overlay-type":"","overlay-color":"","overlay-gradient":""},"mobile":{"background-color":"var(--ast-global-color-5)","background-image":"","background-repeat":"repeat","background-position":"center center","background-size":"auto","background-attachment":"scroll","background-type":"","background-media":"","overlay-type":"","overlay-color":"","overlay-gradient":""}},"footnotes":""},"class_list":["post-1013","page","type-page","status-publish","hentry"],"uagb_featured_image_src":{"full":false,"thumbnail":false,"medium":false,"medium_large":false,"large":false,"1536x1536":false,"2048x2048":false,"trp-custom-language-flag":false},"uagb_author_info":{"display_name":"admin","author_link":"https:\/\/pipacspekseg.hu\/pipacs\/author\/admin\/"},"uagb_comment_info":0,"uagb_excerpt":"Gyere p\u00e9knek a Pipacsba! Szakm\u00e1t \u00e9s munk\u00e1t is adunk egyszerre a kezedbe!","_links":{"self":[{"href":"https:\/\/pipacspekseg.hu\/pipacs\/wp-json\/wp\/v2\/pages\/1013","targetHints":{"allow":["GET"]}}],"collection":[{"href":"https:\/\/pipacspekseg.hu\/pipacs\/wp-json\/wp\/v2\/pages"}],"about":[{"href":"https:\/\/pipacspekseg.hu\/pipacs\/wp-json\/wp\/v2\/types\/page"}],"author":[{"embeddable":true,"href":"https:\/\/pipacspekseg.hu\/pipacs\/wp-json\/wp\/v2\/users\/1"}],"replies":[{"embeddable":true,"href":"https:\/\/pipacspekseg.hu\/pipacs\/wp-json\/wp\/v2\/comments?post=1013"}],"version-history":[{"count":12,"href":"https:\/\/pipacspekseg.hu\/pipacs\/wp-json\/wp\/v2\/pages\/1013\/revisions"}],"predecessor-version":[{"id":1277,"href":"https:\/\/pipacspekseg.hu\/pipacs\/wp-json\/wp\/v2\/pages\/1013\/revisions\/1277"}],"wp:attachment":[{"href":"https:\/\/pipacspekseg.hu\/pipacs\/wp-json\/wp\/v2\/media?parent=1013"}],"curies":[{"name":"wp","href":"https:\/\/api.w.org\/{rel}","templated":true}]}}