{"id":1220,"date":"2025-08-11T10:43:17","date_gmt":"2025-08-11T08:43:17","guid":{"rendered":"https:\/\/pipacspekseg.hu\/pipacs\/?page_id=1220"},"modified":"2025-09-12T11:06:02","modified_gmt":"2025-09-12T09:06:02","slug":"erintetti-tajekoztato","status":"publish","type":"page","link":"https:\/\/pipacspekseg.hu\/pipacs\/erintetti-tajekoztato\/","title":{"rendered":"\u00c9rintetti t\u00e1j\u00e9koztat\u00f3"},"content":{"rendered":"\n<div class=\"wp-block-cover alignfull\" style=\"padding-top:var(--wp--preset--spacing--30);padding-right:var(--wp--preset--spacing--30);padding-bottom:var(--wp--preset--spacing--30);padding-left:var(--wp--preset--spacing--30)\"><img loading=\"lazy\" decoding=\"async\" width=\"1600\" height=\"1000\" class=\"wp-block-cover__image-background wp-image-1011\" alt=\"\" src=\"https:\/\/pipacspekseg.hu\/pipacs\/wp-content\/uploads\/2024\/01\/header-adatvedelmi-1.jpg\" data-object-fit=\"cover\" srcset=\"https:\/\/pipacspekseg.hu\/pipacs\/wp-content\/uploads\/2024\/01\/header-adatvedelmi-1.jpg 1600w, https:\/\/pipacspekseg.hu\/pipacs\/wp-content\/uploads\/2024\/01\/header-adatvedelmi-1-300x188.jpg 300w, https:\/\/pipacspekseg.hu\/pipacs\/wp-content\/uploads\/2024\/01\/header-adatvedelmi-1-1024x640.jpg 1024w, https:\/\/pipacspekseg.hu\/pipacs\/wp-content\/uploads\/2024\/01\/header-adatvedelmi-1-768x480.jpg 768w, https:\/\/pipacspekseg.hu\/pipacs\/wp-content\/uploads\/2024\/01\/header-adatvedelmi-1-1536x960.jpg 1536w, https:\/\/pipacspekseg.hu\/pipacs\/wp-content\/uploads\/2024\/01\/header-adatvedelmi-1-18x12.jpg 18w\" sizes=\"auto, (max-width: 1600px) 100vw, 1600px\" \/><span aria-hidden=\"true\" class=\"wp-block-cover__background has-black-background-color has-background-dim\"><\/span><div class=\"wp-block-cover__inner-container is-layout-flow wp-block-cover-is-layout-flow\">\n<div class=\"wp-block-uagb-advanced-heading uagb-block-e24b40e5\"><h1 class=\"uagb-heading-text\"><strong><strong>\u00c9rintetti t\u00e1j\u00e9koztat\u00f3<\/strong><\/strong><\/h1><\/div>\n<\/div><\/div>\n\n\n\n<div style=\"height:100px\" aria-hidden=\"true\" class=\"wp-block-spacer\"><\/div>\n\n\n\n<h2 class=\"wp-block-heading\"><strong>\u00c9rintetti t\u00e1j\u00e9koztat\u00f3&nbsp;\u00e9s weboldal \u00e9s Adatkezel\u0151 \u00e1ltal ny\u00fajtott szolg\u00e1ltat\u00e1sok&nbsp;adatkezel\u00e9se kapcs\u00e1n<\/strong><\/h2>\n\n\n\n<ol class=\"wp-block-list\">\n<li>A <a href=\"https:\/\/pipacspekseg.hu\/pipacs\/\">https:\/\/pipacspekseg.hu\/pipacs\/<\/a>&nbsp; Internetes oldal \u00fczemeltet\u0151je:<\/li>\n<\/ol>\n\n\n\n<figure class=\"wp-block-table\"><table class=\"has-fixed-layout\"><tbody><tr><td colspan=\"2\"><br><strong>&nbsp;ADATKEZEL\u0150 ADATAI<\/strong><br><\/td><\/tr><tr><td><br>N\u00e9v:&nbsp;<br>Sz\u00e9khely:<br>Kapcsolati adatok:<br>C\u00e9gjegyz\u00e9ksz\u00e1m:<br>Ad\u00f3sz\u00e1m:<br>Nyilv\u00e1ntart\u00e1sba v\u00e9telt elrendel\u0151 hat\u00f3s\u00e1g<\/td><td><br><strong>Pipacs P\u00e9ks\u00e9g Kft.<\/strong><br><strong>1033 Budapest, Szentendrei \u00fat 95.<\/strong><br><strong>info@pipacspekseg.hu<\/strong><br><strong>01-09-305671<\/strong><br><strong>26169718-2-41<\/strong><br><strong>F\u0151v\u00e1rosi T\u00f6rv\u00e9nysz\u00e9k C\u00e9gb\u00edr\u00f3s\u00e1ga\u00a0<\/strong><br><strong>\u00a0<\/strong><\/td><\/tr><\/tbody><\/table><\/figure>\n\n\n\n<p>A jelen \u00e9rintetti t\u00e1j\u00e9koztat\u00f3 c\u00e9lja, hogy mind a fenti weboldal l\u00e1togat\u00f3inak, valamint az Adatkezel\u0151 \u00e1ltal ny\u00fajtott k\u00fcl\u00f6nf\u00e9le szolg\u00e1ltat\u00e1sok ig\u00e9nybevev\u0151inek (a tov\u00e1bbiakban: \u00e9rintettek) sz\u00e1m\u00e1ra biztos\u00edtsa a szolg\u00e1ltat\u00e1sok ig\u00e9nybev\u00e9tele sor\u00e1n, illetve azt megel\u0151z\u0151en az \u0151ket megillet\u0151 jogokat.&nbsp;<\/p>\n\n\n\n<ol class=\"wp-block-list\">\n<li><strong>\u00c9rintetti jogok&nbsp;<\/strong><\/li>\n<\/ol>\n\n\n\n<p>A fenti weboldal l\u00e1togat\u00e1sa, valamint az Adatkezel\u0151 \u00e1ltal ny\u00fajtott k\u00fcl\u00f6nb\u00f6z\u0151 szolg\u00e1ltat\u00e1sok sor\u00e1n az \u00e9rintetteket az al\u00e1bbi jogosults\u00e1gok illetik meg:&nbsp;<\/p>\n\n\n\n<p>\u00c9rintetteknek min\u0151s\u00fcl mindenki, aki a fenti Adatkezel\u0151 \u00fczemeltet\u00e9s\u00e9ben l\u00e9v\u0151 honlap l\u00e1togat\u00f3ja, illetve felhaszn\u00e1l\u00f3ja, valamint aki az Adatkezel\u0151 \u00e1ltal ny\u00fajtott szolg\u00e1ltat\u00e1sok ir\u00e1nt \u00e9rdekl\u0151dik, illetve azt ig\u00e9nybe veszi.&nbsp;<\/p>\n\n\n\n<p><strong>a) Az \u00e9rintett hozz\u00e1f\u00e9r\u00e9si joga&nbsp;<\/strong><\/p>\n\n\n\n<p>Az \u00e9rintett jogosult arra, hogy visszajelz\u00e9st kapjon az Adatkezel\u0151t\u0151l arra vonatkoz\u00f3an, hogy szem\u00e9lyes adatainak kezel\u00e9se folyamatban van-e. Ha ilyen adatkezel\u00e9s folyamatban van, az \u00e9rintett jogosult arra, hogy a k\u00f6vetkez\u0151 inform\u00e1ci\u00f3kr\u00f3l kapjon t\u00e1j\u00e9koztat\u00e1st:<\/p>\n\n\n\n<ul class=\"wp-block-list\">\n<li>adatkezel\u00e9s c\u00e9lja<\/li>\n\n\n\n<li>\u00e9rintett szem\u00e9lyes adatok kateg\u00f3ri\u00e1i<\/li>\n\n\n\n<li>azon c\u00edmzettek k\u00f6re, akikkel az Adatkezel\u0151 a szem\u00e9lyes adatokat k\u00f6z\u00f6lni fogja<\/li>\n\n\n\n<li>szem\u00e9lyes adatok t\u00e1rol\u00e1s\u00e1nak tervezett id\u0151tartama, illetve az id\u0151tartam meghat\u00e1roz\u00e1s\u00e1nak szempontjai<\/li>\n\n\n\n<li>az \u00e9rintett azon joga, hogy k\u00e9relmezheti az Adatkezel\u0151t\u0151l a r\u00e1 vonatkoz\u00f3 szem\u00e9lyes adatok helyesb\u00edt\u00e9s\u00e9t, t\u00f6rl\u00e9s\u00e9t vagy kezel\u00e9s\u00e9nek korl\u00e1toz\u00e1s\u00e1t, \u00e9s tiltakozhat az ilyen szem\u00e9lyes adatok kezel\u00e9se ellen<\/li>\n\n\n\n<li>valamely fel\u00fcgyeleti hat\u00f3s\u00e1ghoz c\u00edmzett panasz beny\u00fajt\u00e1s\u00e1nak joga<\/li>\n\n\n\n<li>ha az adatokat nem az \u00e9rintett\u0151l gy\u0171jt\u00f6tt\u00e9k, a forr\u00e1sukra vonatkoz\u00f3 el\u00e9rhet\u0151 inform\u00e1ci\u00f3.<\/li>\n<\/ul>\n\n\n\n<p>Az adatkezel\u00e9ssel \u00e9rintett szem\u00e9lyes adatok m\u00e1solat\u00e1t az Adatkezel\u0151 az \u00e9rintett rendelkez\u00e9s\u00e9re bocs\u00e1tja. Az ezt meghalad\u00f3, tov\u00e1bbi m\u00e1solatok\u00e9rt az Adatkezel\u0151 jogosult adminisztrat\u00edv k\u00f6lts\u00e9geken alapul\u00f3, \u00e9sszer\u0171 m\u00e9rt\u00e9k\u0171 d\u00edjat felsz\u00e1m\u00edtani. Ha az \u00e9rintett k\u00e9relm\u00e9t elektronikus \u00faton ny\u00fajtotta be, a v\u00e1laszt is sz\u00e9les k\u00f6rben haszn\u00e1lt elektronikus \u00faton kel megadni, kiv\u00e9ve, ha az \u00e9rintett azt m\u00e1sk\u00e9nt k\u00e9ri.<\/p>\n\n\n\n<p>Az \u00e9rintett hozz\u00e1f\u00e9r\u00e9si, m\u00e1solatk\u00e9sz\u00edt\u00e9si joga kiz\u00e1r\u00f3lag olyan form\u00e1ban gyakorolhat\u00f3, amely nem \u00e9rinti h\u00e1tr\u00e1nyosan m\u00e1sok jogait \u00e9s szabads\u00e1gait. A m\u00e1solat k\u00e9r\u00e9ssel \u00e9rintett id\u0151szak mindig a vonatkoz\u00f3 id\u0151szak \u00e9szszer\u0171 id\u0151tartam\u00e1ra korl\u00e1toz\u00f3dik.&nbsp;<\/p>\n\n\n\n<p><strong>b) Az \u00e9rintett helyesb\u00edt\u00e9shez \u00e9s az adatok kieg\u00e9sz\u00edt\u00e9s\u00e9hez val\u00f3 joga&nbsp;<\/strong><\/p>\n\n\n\n<p>Az \u00e9rintett jogosult arra, hogy indokolatlan k\u00e9sedelem n\u00e9lk\u00fcl a r\u00e1 vonatkoz\u00f3 pontatlan szem\u00e9lyes adatok helyesb\u00edt\u00e9s\u00e9t k\u00e9rje.<\/p>\n\n\n\n<p><strong>c)&nbsp; Az \u00e9rintett t\u00f6rl\u00e9shez val\u00f3 joga (elfeledtet\u00e9shez val\u00f3 jog)&nbsp;<\/strong><\/p>\n\n\n\n<p>Az \u00e9rintett jogosult arra, hogy k\u00e9r\u00e9s\u00e9re az Adatkezel\u0151 indokolatlan k\u00e9sedelem n\u00e9lk\u00fcl t\u00f6r\u00f6lje a r\u00e1 vonatkoz\u00f3 szem\u00e9lyes adatokat, ha az al\u00e1bbi indokok valamelyike fenn\u00e1ll:<\/p>\n\n\n\n<ul class=\"wp-block-list\">\n<li>a szem\u00e9lyes adatokra m\u00e1r nincs sz\u00fcks\u00e9g abb\u00f3l a c\u00e9lb\u00f3l, amelyb\u0151l azokat az Adatkezel\u0151 gy\u0171jt\u00f6tte, vagy m\u00e1s m\u00f3don kezelt\u00e9k<\/li>\n\n\n\n<li>az \u00e9rintett tiltakozik az adatkezel\u00e9s ellen, \u00e9s nincs els\u0151bbs\u00e9get \u00e9lvez\u0151 jogszer\u0171 ok az adatkezel\u00e9sre&nbsp;<\/li>\n\n\n\n<li>a szem\u00e9lyes adatok jogellenesen ker\u00fcltek kezel\u00e9sre<\/li>\n\n\n\n<li>a szem\u00e9lyes adatokat az Adatkezel\u0151re alkalmazand\u00f3 uni\u00f3s vagy tag\u00e1llami jog \u00e1ltal el\u0151\u00edrt tag\u00e1llami k\u00f6telezetts\u00e9g teljes\u00edt\u00e9s\u00e9hez t\u00f6r\u00f6lni kell.<\/li>\n<\/ul>\n\n\n\n<p>A fenti rendelkez\u00e9sek nem alkalmazand\u00f3k, ha az adatkezel\u00e9s sz\u00fcks\u00e9ges, t\u00f6bbek k\u00f6z\u00f6tt:<\/p>\n\n\n\n<ul class=\"wp-block-list\">\n<li>szem\u00e9lyes adatok kezel\u00e9s\u00e9t el\u0151\u00edr\u00f3, az Adatkezel\u0151re alkalmazand\u00f3 uni\u00f3s vagy tag\u00e1llami jog szerinti k\u00f6telezetts\u00e9g teljes\u00edt\u00e9se c\u00e9lj\u00e1b\u00f3l<\/li>\n\n\n\n<li>jogi ig\u00e9nyek el\u0151terjeszt\u00e9s\u00e9hez, \u00e9rv\u00e9nyes\u00edt\u00e9s\u00e9hez, illetve v\u00e9delm\u00e9hez.<\/li>\n<\/ul>\n\n\n\n<p><strong>d) Az adatkezel\u00e9s korl\u00e1toz\u00e1s\u00e1hoz val\u00f3 jog&nbsp;<\/strong><\/p>\n\n\n\n<p>Az \u00e9rintett jogosult arra, hogy k\u00e9r\u00e9s\u00e9re az Adatkezel\u0151 korl\u00e1tozza az adatkezel\u00e9st, ha az al\u00e1bbiak valamelyike teljes\u00fcl:<\/p>\n\n\n\n<ul class=\"wp-block-list\">\n<li>az \u00e9rintett a szem\u00e9lyes adatok pontoss\u00e1g\u00e1t vitatja, ez eseten addig az id\u0151tartamig, am\u00edg az Adatkezel\u0151 a szem\u00e9lyes adatok pontoss\u00e1g\u00e1t ellen\u0151rzi<\/li>\n\n\n\n<li>az adatkezel\u00e9s jogellenes, \u00e9s az \u00e9rintett ellenzi az adatok t\u00f6rl\u00e9s\u00e9t, \u00e9s ehelyett azok felhaszn\u00e1l\u00e1s\u00e1nak korl\u00e1toz\u00e1s\u00e1t k\u00e9ri<\/li>\n\n\n\n<li>az Adatkezel\u0151nek m\u00e1r nincs sz\u00fcks\u00e9ge a szem\u00e9lyes adatokra, azonban az \u00e9rintett azokat jogi ig\u00e9nye el\u0151terjeszt\u00e9s\u00e9hez, \u00e9rv\u00e9nyes\u00edt\u00e9s\u00e9hez vagy v\u00e9delm\u00e9hez sz\u00fcks\u00e9gesnek tartja<\/li>\n\n\n\n<li>az \u00e9rintett az adatkezel\u00e9s ellen tiltakozik, ez esetben a korl\u00e1toz\u00e1s arra az id\u0151tartamra vonatkozik, am\u00edg meg\u00e1llap\u00edt\u00e1sra nem ker\u00fcl, hogy az Adatkezel\u0151 jogos indokai els\u0151bbs\u00e9get \u00e9lvez az \u00e9rintett jogos indokaival szemben<\/li>\n<\/ul>\n\n\n\n<p>Ha az adatkezel\u00e9s&nbsp; korl\u00e1toz\u00e1s al\u00e1 esik, az ilyen szem\u00e9lyes adatokat a t\u00e1rol\u00e1s kiv\u00e9tel\u00e9vel csak az \u00e9rintett hozz\u00e1j\u00e1rul\u00e1s\u00e1val, vagy jogi ig\u00e9nyek el\u0151terjeszt\u00e9s\u00e9hez, \u00e9rv\u00e9nyes\u00edt\u00e9s\u00e9hez vagy v\u00e9delm\u00e9hez, vagy m\u00e1s term\u00e9szetes vagy jogi szem\u00e9ly jogainak v\u00e9delme \u00e9rdek\u00e9ben, vagy az Uni\u00f3, illetve valamely tag\u00e1llam fontos k\u00f6z\u00e9rdek\u00e9b\u0151l lehet kezelni.<\/p>\n\n\n\n<p>A korl\u00e1toz\u00e1s megsz\u00fcntet\u00e9s\u00e9r\u0151l az \u00e9rintettet az Adatkezel\u0151 t\u00e1j\u00e9koztatja.<\/p>\n\n\n\n<p><strong>e) A szem\u00e9lyes adatok helyesb\u00edt\u00e9s\u00e9hez, t\u00f6rl\u00e9s\u00e9hez, illetve az adatkezel\u00e9s korl\u00e1toz\u00e1s\u00e1hoz kapcsol\u00f3d\u00f3 \u00e9rtes\u00edt\u00e9si k\u00f6telezetts\u00e9g<\/strong><\/p>\n\n\n\n<p>Az Adatkezel\u0151 minden olyan c\u00edmzettet t\u00e1j\u00e9koztatnak valamennyi helyesb\u00edt\u00e9sr\u0151l, t\u00f6rl\u00e9sr\u0151l vagy adatkezel\u00e9s-korl\u00e1toz\u00e1sr\u00f3l, akivel, illetve amellyel a szem\u00e9lyes adatot k\u00f6z\u00f6lt\u00e9k, kiv\u00e9ve, ha ez lehetetlennek bizonyul, vagy ar\u00e1nytalanul nagy er\u0151fesz\u00edt\u00e9st ig\u00e9nyel. Az \u00e9rintettet k\u00e9r\u00e9s\u00e9re az Adatkezel\u0151 t\u00e1j\u00e9koztatja e c\u00edmzettekr\u0151l.<\/p>\n\n\n\n<p><strong>f)&nbsp; A tiltakoz\u00e1shoz val\u00f3 jog&nbsp;<\/strong><\/p>\n\n\n\n<p>Az \u00e9rintett jogosult arra, hogy a saj\u00e1t helyzet\u00e9vel kapcsolatos okokb\u00f3l b\u00e1rmikor tiltakozzon szem\u00e9lyes adatainak jogos \u00e9rdeken alapul\u00f3 kezel\u00e9se ellen. Ebben az esetben az Adatkezel\u0151 a szem\u00e9lyes adatokat nem kezelheti tov\u00e1bb, kiv\u00e9ve, ha az Adatkezel\u0151k bizony\u00edtj\u00e1k, hogy az adatkezel\u00e9st olyan k\u00e9nyszer\u00edt\u0151 erej\u0171 jogos okok indokolj\u00e1k, amelyek els\u0151bbs\u00e9get \u00e9lveznek az \u00e9rintett \u00e9rdekeivel, jogaival \u00e9s szabads\u00e1gaival szemben, vagy amelyek jogi ig\u00e9nyek el\u0151terjeszt\u00e9s\u00e9hez, \u00e9rv\u00e9nyes\u00edt\u00e9s\u00e9hez vagy v\u00e9delm\u00e9hez kapcsol\u00f3dnak.<\/p>\n\n\n\n<p><strong>g) Adathordozhat\u00f3s\u00e1ghoz val\u00f3 jog<\/strong><\/p>\n\n\n\n<p>Amennyiben az adatkezel\u00e9s az \u00e1ltal\u00e1nos adatv\u00e9delmi rendelet 6. cikk (1) bekezd\u00e9s b) pontj\u00e1n alapul, az \u00e9rintett jogosult arra, hogy a r\u00e1 vonatkoz\u00f3, \u00e1ltala egy adatkezel\u0151 rendelkez\u00e9s\u00e9re bocs\u00e1tott szem\u00e9lyes adatokat tagolt, sz\u00e9les k\u00f6rben haszn\u00e1lt, g\u00e9ppel olvashat\u00f3 form\u00e1tumban megkapja, tov\u00e1bb\u00e1 jogosult arra, hogy ezeket az adatokat egy m\u00e1sik adatkezel\u0151nek tov\u00e1bb\u00edtsa an\u00e9lk\u00fcl, hogy ezt akad\u00e1lyozn\u00e1 az az Adatkezel\u0151, amelynek a szem\u00e9lyes adatokat a rendelkez\u00e9s\u00e9re bocs\u00e1totta.&nbsp;<\/p>\n\n\n\n<p><strong>h)&nbsp; A fel\u00fcgyeleti hat\u00f3s\u00e1gn\u00e1l t\u00f6rt\u00e9n\u0151 panaszt\u00e9teli jog&nbsp;<\/strong><\/p>\n\n\n\n<p>Az \u00e9rintett jogosult arra, hogy panaszt tegyen egy fel\u00fcgyeleti hat\u00f3s\u00e1gn\u00e1l \u2013 k\u00fcl\u00f6n\u00f6sen a szok\u00e1sos tart\u00f3zkod\u00e1si helye, a munkahelye vagy a felt\u00e9telezett jogs\u00e9rt\u00e9s helye szerinti tag\u00e1llamban \u2013, ha az \u00e9rintett meg\u00edt\u00e9l\u00e9se szerint a r\u00e1 vonatkoz\u00f3 szem\u00e9lyes adatok kezel\u00e9se megs\u00e9rti az \u00e1ltal\u00e1nos adatv\u00e9delmi rendelet rendelkez\u00e9seit.<\/p>\n\n\n\n<p>Magyarorsz\u00e1gon a fel\u00fcgyeleti hat\u00f3s\u00e1g feladat\u00e1t a Nemzeti Adatv\u00e9delmi \u00e9s Inform\u00e1ci\u00f3szabads\u00e1g Hat\u00f3s\u00e1g (NAIH) l\u00e1tja el. El\u00e9rhet\u0151s\u00e9ge: 1055 Budapest, Falk Miksa u.9-11. postac\u00edm: 1363 Budapest, Pf.:9., telefon: +36-1-391-1400, fax: +36-1-391-1410, e-mail: <a href=\"mailto:ugyfelszolgalat@naih.hu\">ugyfelszolgalat@naih.hu<\/a><\/p>\n\n\n\n<p><strong>i) A fel\u00fcgyeleti hat\u00f3s\u00e1ggal szembeni hat\u00e9kony b\u00edr\u00f3s\u00e1gi jogorvoslathoz val\u00f3 jog&nbsp;<\/strong><\/p>\n\n\n\n<p>&nbsp;Az \u00e9rintett jogosult a hat\u00e9kony b\u00edr\u00f3s\u00e1gi jogorvoslatra a fel\u00fcgyeleti hat\u00f3s\u00e1g \u00e9rintettre vonatkoz\u00f3, jogilag k\u00f6telez\u0151 erej\u0171 d\u00f6nt\u00e9s\u00e9vel szemben.&nbsp;<\/p>\n\n\n\n<p>Az \u00e9rintett jogosult a hat\u00e9kony b\u00edr\u00f3s\u00e1gi jogorvoslatra, ha az illet\u00e9kes fel\u00fcgyeleti hat\u00f3s\u00e1g nem foglalkozik a panasszal, vagy h\u00e1rom h\u00f3napon bel\u00fcl nem t\u00e1j\u00e9koztatja az \u00e9rintettet a beny\u00fajtott panasszal kapcsolatos elj\u00e1r\u00e1si fejlem\u00e9nyekr\u0151l vagy annak eredm\u00e9ny\u00e9r\u0151l.<\/p>\n\n\n\n<p>A fel\u00fcgyeleti hat\u00f3s\u00e1ggal szembeni elj\u00e1r\u00e1st a fel\u00fcgyeleti hat\u00f3s\u00e1g sz\u00e9khelye szerinti tag\u00e1llam b\u00edr\u00f3s\u00e1ga el\u0151tt kell megind\u00edtani.&nbsp;<\/p>\n\n\n\n<p><strong>j) Az Adatkezel\u0151vel vagy az Adatfeldolgoz\u00f3val szembeni hat\u00e9kony b\u00edr\u00f3s\u00e1gi jogorvoslathoz val\u00f3 jog<\/strong><\/p>\n\n\n\n<p>Minden \u00e9rintett hat\u00e9kony b\u00edr\u00f3s\u00e1gi jogorvoslatra jogosult, ha meg\u00edt\u00e9l\u00e9se szerint a szem\u00e9lyes adatainak az \u00e1ltal\u00e1nos adatv\u00e9delmi rendeletnek nem megfelel\u0151 kezel\u00e9se k\u00f6vetkezt\u00e9ben megs\u00e9rtett\u00e9k a rendelet szerinti jogait.<\/p>\n\n\n\n<p>Az Adatkezel\u0151vel vagy Adatfeldolgoz\u00f3val szembeni elj\u00e1r\u00e1st az Adatkezel\u0151 vagy Adatfeldolgoz\u00f3 tev\u00e9kenys\u00e9gi helye szerinti tag\u00e1llam b\u00edr\u00f3s\u00e1ga el\u0151tt kell megind\u00edtani. Az elj\u00e1r\u00e1s megind\u00edthat\u00f3 az \u00e9rintett szok\u00e1sos tart\u00f3zkod\u00e1si helye szerinti tag\u00e1llam b\u00edr\u00f3s\u00e1ga el\u0151tt is. A pert az \u00e9rintett \u2013 v\u00e1laszt\u00e1sa szerint \u2013 a lak\u00f3helye, vagy tart\u00f3zkod\u00e1si helye szerint illet\u00e9kes t\u00f6rv\u00e9nysz\u00e9k el\u0151tt is megind\u00edthatja.&nbsp; Az illet\u00e9kes t\u00f6rv\u00e9nysz\u00e9k el\u00e9rhet\u0151s\u00e9geir\u0151l a <a href=\"http:\/\/www.birosag.hu\">www.birosag.hu<\/a> honlapon lehet t\u00e1j\u00e9koz\u00f3dni.&nbsp;<\/p>\n\n\n\n<p>Budapest, 2025. j\u00falius h\u00f3 16. napj\u00e1n.&nbsp;<\/p>\n","protected":false},"excerpt":{"rendered":"<p>\u00c9rintetti t\u00e1j\u00e9koztat\u00f3&nbsp;\u00e9s weboldal \u00e9s Adatkezel\u0151 \u00e1ltal ny\u00fajtott szolg\u00e1ltat\u00e1sok&nbsp;adatkezel\u00e9se kapcs\u00e1n &nbsp;ADATKEZEL\u0150 ADATAI N\u00e9v:&nbsp;Sz\u00e9khely:Kapcsolati adatok:C\u00e9gjegyz\u00e9ksz\u00e1m:Ad\u00f3sz\u00e1m:Nyilv\u00e1ntart\u00e1sba v\u00e9telt elrendel\u0151 hat\u00f3s\u00e1g Pipacs P\u00e9ks\u00e9g Kft.1033 Budapest, Szentendrei \u00fat 95.info@pipacspekseg.hu01-09-30567126169718-2-41F\u0151v\u00e1rosi T\u00f6rv\u00e9nysz\u00e9k C\u00e9gb\u00edr\u00f3s\u00e1ga\u00a0\u00a0 A jelen \u00e9rintetti t\u00e1j\u00e9koztat\u00f3 c\u00e9lja, hogy mind a fenti weboldal l\u00e1togat\u00f3inak, valamint az Adatkezel\u0151 \u00e1ltal ny\u00fajtott k\u00fcl\u00f6nf\u00e9le szolg\u00e1ltat\u00e1sok ig\u00e9nybevev\u0151inek (a tov\u00e1bbiakban: \u00e9rintettek) sz\u00e1m\u00e1ra biztos\u00edtsa a szolg\u00e1ltat\u00e1sok ig\u00e9nybev\u00e9tele sor\u00e1n, illetve azt [&hellip;]<\/p>\n","protected":false},"author":1,"featured_media":0,"parent":0,"menu_order":0,"comment_status":"closed","ping_status":"open","template":"","meta":{"_uag_custom_page_level_css":"","site-sidebar-layout":"default","site-content-layout":"","ast-site-content-layout":"default","site-content-style":"default","site-sidebar-style":"default","ast-global-header-display":"","ast-banner-title-visibility":"","ast-main-header-display":"","ast-hfb-above-header-display":"","ast-hfb-below-header-display":"","ast-hfb-mobile-header-display":"","site-post-title":"","ast-breadcrumbs-content":"","ast-featured-img":"","footer-sml-layout":"","theme-transparent-header-meta":"","adv-header-id-meta":"","stick-header-meta":"","header-above-stick-meta":"","header-main-stick-meta":"","header-below-stick-meta":"","astra-migrate-meta-layouts":"set","ast-page-background-enabled":"default","ast-page-background-meta":{"desktop":{"background-color":"var(--ast-global-color-4)","background-image":"","background-repeat":"repeat","background-position":"center center","background-size":"auto","background-attachment":"scroll","background-type":"","background-media":"","overlay-type":"","overlay-color":"","overlay-gradient":""},"tablet":{"background-color":"","background-image":"","background-repeat":"repeat","background-position":"center center","background-size":"auto","background-attachment":"scroll","background-type":"","background-media":"","overlay-type":"","overlay-color":"","overlay-gradient":""},"mobile":{"background-color":"","background-image":"","background-repeat":"repeat","background-position":"center center","background-size":"auto","background-attachment":"scroll","background-type":"","background-media":"","overlay-type":"","overlay-color":"","overlay-gradient":""}},"ast-content-background-meta":{"desktop":{"background-color":"var(--ast-global-color-5)","background-image":"","background-repeat":"repeat","background-position":"center center","background-size":"auto","background-attachment":"scroll","background-type":"","background-media":"","overlay-type":"","overlay-color":"","overlay-gradient":""},"tablet":{"background-color":"var(--ast-global-color-5)","background-image":"","background-repeat":"repeat","background-position":"center center","background-size":"auto","background-attachment":"scroll","background-type":"","background-media":"","overlay-type":"","overlay-color":"","overlay-gradient":""},"mobile":{"background-color":"var(--ast-global-color-5)","background-image":"","background-repeat":"repeat","background-position":"center center","background-size":"auto","background-attachment":"scroll","background-type":"","background-media":"","overlay-type":"","overlay-color":"","overlay-gradient":""}},"footnotes":""},"class_list":["post-1220","page","type-page","status-publish","hentry"],"uagb_featured_image_src":{"full":false,"thumbnail":false,"medium":false,"medium_large":false,"large":false,"1536x1536":false,"2048x2048":false,"trp-custom-language-flag":false},"uagb_author_info":{"display_name":"admin","author_link":"https:\/\/pipacspekseg.hu\/pipacs\/author\/admin\/"},"uagb_comment_info":0,"uagb_excerpt":"\u00c9rintetti t\u00e1j\u00e9koztat\u00f3&nbsp;\u00e9s weboldal \u00e9s Adatkezel\u0151 \u00e1ltal ny\u00fajtott szolg\u00e1ltat\u00e1sok&nbsp;adatkezel\u00e9se kapcs\u00e1n &nbsp;ADATKEZEL\u0150 ADATAI N\u00e9v:&nbsp;Sz\u00e9khely:Kapcsolati adatok:C\u00e9gjegyz\u00e9ksz\u00e1m:Ad\u00f3sz\u00e1m:Nyilv\u00e1ntart\u00e1sba v\u00e9telt elrendel\u0151 hat\u00f3s\u00e1g Pipacs P\u00e9ks\u00e9g Kft.1033 Budapest, Szentendrei \u00fat 95.info@pipacspekseg.hu01-09-30567126169718-2-41F\u0151v\u00e1rosi T\u00f6rv\u00e9nysz\u00e9k C\u00e9gb\u00edr\u00f3s\u00e1ga\u00a0\u00a0 A jelen \u00e9rintetti t\u00e1j\u00e9koztat\u00f3 c\u00e9lja, hogy mind a fenti weboldal l\u00e1togat\u00f3inak, valamint az Adatkezel\u0151 \u00e1ltal ny\u00fajtott k\u00fcl\u00f6nf\u00e9le szolg\u00e1ltat\u00e1sok ig\u00e9nybevev\u0151inek (a tov\u00e1bbiakban: \u00e9rintettek) sz\u00e1m\u00e1ra biztos\u00edtsa a szolg\u00e1ltat\u00e1sok ig\u00e9nybev\u00e9tele sor\u00e1n, illetve azt&hellip;","_links":{"self":[{"href":"https:\/\/pipacspekseg.hu\/pipacs\/wp-json\/wp\/v2\/pages\/1220","targetHints":{"allow":["GET"]}}],"collection":[{"href":"https:\/\/pipacspekseg.hu\/pipacs\/wp-json\/wp\/v2\/pages"}],"about":[{"href":"https:\/\/pipacspekseg.hu\/pipacs\/wp-json\/wp\/v2\/types\/page"}],"author":[{"embeddable":true,"href":"https:\/\/pipacspekseg.hu\/pipacs\/wp-json\/wp\/v2\/users\/1"}],"replies":[{"embeddable":true,"href":"https:\/\/pipacspekseg.hu\/pipacs\/wp-json\/wp\/v2\/comments?post=1220"}],"version-history":[{"count":2,"href":"https:\/\/pipacspekseg.hu\/pipacs\/wp-json\/wp\/v2\/pages\/1220\/revisions"}],"predecessor-version":[{"id":1242,"href":"https:\/\/pipacspekseg.hu\/pipacs\/wp-json\/wp\/v2\/pages\/1220\/revisions\/1242"}],"wp:attachment":[{"href":"https:\/\/pipacspekseg.hu\/pipacs\/wp-json\/wp\/v2\/media?parent=1220"}],"curies":[{"name":"wp","href":"https:\/\/api.w.org\/{rel}","templated":true}]}}