{"id":1224,"date":"2025-08-11T10:48:05","date_gmt":"2025-08-11T08:48:05","guid":{"rendered":"https:\/\/pipacspekseg.hu\/pipacs\/?page_id=1224"},"modified":"2025-09-12T11:04:16","modified_gmt":"2025-09-12T09:04:16","slug":"adatkezelesi-tajekoztato-ugyfelszolgalat","status":"publish","type":"page","link":"https:\/\/pipacspekseg.hu\/pipacs\/adatkezelesi-tajekoztato-ugyfelszolgalat\/","title":{"rendered":"Adatkezel\u00e9si T\u00e1j\u00e9koztat\u00f3 (\u00dcgyf\u00e9lszolg\u00e1lat)"},"content":{"rendered":"\n<div class=\"wp-block-cover alignfull\" style=\"padding-top:var(--wp--preset--spacing--30);padding-right:var(--wp--preset--spacing--30);padding-bottom:var(--wp--preset--spacing--30);padding-left:var(--wp--preset--spacing--30)\"><img loading=\"lazy\" decoding=\"async\" width=\"1600\" height=\"1000\" class=\"wp-block-cover__image-background wp-image-1011\" alt=\"\" src=\"https:\/\/pipacspekseg.hu\/pipacs\/wp-content\/uploads\/2024\/01\/header-adatvedelmi-1.jpg\" data-object-fit=\"cover\" srcset=\"https:\/\/pipacspekseg.hu\/pipacs\/wp-content\/uploads\/2024\/01\/header-adatvedelmi-1.jpg 1600w, https:\/\/pipacspekseg.hu\/pipacs\/wp-content\/uploads\/2024\/01\/header-adatvedelmi-1-300x188.jpg 300w, https:\/\/pipacspekseg.hu\/pipacs\/wp-content\/uploads\/2024\/01\/header-adatvedelmi-1-1024x640.jpg 1024w, https:\/\/pipacspekseg.hu\/pipacs\/wp-content\/uploads\/2024\/01\/header-adatvedelmi-1-768x480.jpg 768w, https:\/\/pipacspekseg.hu\/pipacs\/wp-content\/uploads\/2024\/01\/header-adatvedelmi-1-1536x960.jpg 1536w, https:\/\/pipacspekseg.hu\/pipacs\/wp-content\/uploads\/2024\/01\/header-adatvedelmi-1-18x12.jpg 18w\" sizes=\"auto, (max-width: 1600px) 100vw, 1600px\" \/><span aria-hidden=\"true\" class=\"wp-block-cover__background has-black-background-color has-background-dim\"><\/span><div class=\"wp-block-cover__inner-container is-layout-flow wp-block-cover-is-layout-flow\">\n<div class=\"wp-block-uagb-advanced-heading uagb-block-e24b40e5\"><h1 class=\"uagb-heading-text\"><strong><strong><strong>Adatkezel\u00e9si T\u00e1j\u00e9koztat\u00f3 (\u00dcgyf\u00e9lszolg\u00e1lat)<\/strong><\/strong><\/strong><\/h1><\/div>\n<\/div><\/div>\n\n\n\n<div style=\"height:100px\" aria-hidden=\"true\" class=\"wp-block-spacer\"><\/div>\n\n\n\n<p><strong>1. Az adatkezel\u0151<\/strong><\/p>\n\n\n\n<figure class=\"wp-block-table\"><table class=\"has-fixed-layout\"><tbody><tr><td colspan=\"2\"><br><strong>&nbsp;ADATKEZEL\u0150 ADATAI<\/strong><br><\/td><\/tr><tr><td><br>N\u00e9v:&nbsp;<br>Sz\u00e9khely:<br>Kapcsolati adatok:<br>C\u00e9gjegyz\u00e9ksz\u00e1m:<br>Ad\u00f3sz\u00e1m:<br>Nyilv\u00e1ntart\u00e1sba v\u00e9telt elrendel\u0151 hat\u00f3s\u00e1g<\/td><td><br><strong>Pipacs P\u00e9ks\u00e9g Kft.<\/strong><br><strong>1033 Budapest, Szentendrei \u00fat 95.<\/strong><br><strong>info@pipacspekseg.hu<\/strong><br><strong>01-09-305671<\/strong><br><strong>26169718-2-41<\/strong><br><strong>F\u0151v\u00e1rosi T\u00f6rv\u00e9nysz\u00e9k C\u00e9gb\u00edr\u00f3s\u00e1ga\u00a0<\/strong><\/td><\/tr><\/tbody><\/table><\/figure>\n\n\n\n<p><strong>2. Az adatkezel\u00e9s c\u00e9lja \u00e9s jogalapja<\/strong><\/p>\n\n\n\n<p><strong>C\u00e9l:<\/strong> \u00dcgyf\u00e9lszolg\u00e1lati tev\u00e9kenys\u00e9g keret\u00e9ben az Adatkezel\u0151 r\u00e9sz\u00e9r\u0151l az \u00fcgyfelek megkeres\u00e9seinek kezel\u00e9se, megv\u00e1laszol\u00e1sa \u00e9s az \u00fcgyf\u00e9lel\u00e9gedetts\u00e9g jav\u00edt\u00e1sa.&nbsp;<\/p>\n\n\n\n<p>Az \u00dcgyf\u00e9lszolg\u00e1latot telefonon, illetve szem\u00e9lyesen lehet el\u00e9rni.<br><\/p>\n\n\n\n<p><strong>Jogalap:<\/strong> az \u00e1ltal\u00e1nos adatv\u00e9delmi rendelet 6. cikk (1) bekezd\u00e9s b) pontja szerinti szerz\u0151d\u00e9s teljes\u00edt\u00e9se.&nbsp;<\/p>\n\n\n\n<p><strong>3. Kezelt adatok k\u00f6re<\/strong><\/p>\n\n\n\n<p><strong>A kezelt adatok t\u00edpusa:<\/strong><\/p>\n\n\n\n<ul class=\"wp-block-list\">\n<li>N\u00e9v<\/li>\n\n\n\n<li>E-mail c\u00edm<\/li>\n\n\n\n<li>Telefonsz\u00e1m<\/li>\n\n\n\n<li>\u00dcgyf\u00e9lszolg\u00e1lati megkeres\u00e9s tartalma<\/li>\n\n\n\n<li>Kapcsol\u00f3d\u00f3 \u00fczenetek<\/li>\n<\/ul>\n\n\n\n<p><strong>4. Az adatok meg\u0151rz\u00e9si ideje<\/strong><\/p>\n\n\n\n<p>Az adatokat az \u00fcgyf\u00e9lszolg\u00e1lati \u00fcgy sikeres megold\u00e1s\u00e1t k\u00f6vet\u0151en, de legk\u00e9s\u0151bb 30 nap m\u00falva t\u00f6r\u00f6lj\u00fck. Ezt k\u00f6vet\u0151en az adatok v\u00e9glegesen t\u00f6rl\u00e9sre ker\u00fclnek.<\/p>\n\n\n\n<p><strong>5. Adatfeldolgoz\u00f3k \u00e9s adattov\u00e1bb\u00edt\u00e1s<\/strong><\/p>\n\n\n\n<p>Az adatokat kiz\u00e1r\u00f3lag az \u00fcgyf\u00e9lszolg\u00e1lati tev\u00e9kenys\u00e9g ell\u00e1t\u00e1s\u00e1hoz haszn\u00e1ljuk fel, \u00e9s azokat nem tov\u00e1bb\u00edtjuk.&nbsp;<\/p>\n\n\n\n<ul class=\"wp-block-list\">\n<li>Adatfeldolgoz\u00f3t nem vesz\u00fcnk ig\u00e9nybe.<\/li>\n\n\n\n<li>Adatokat az Eur\u00f3pai Uni\u00f3n k\u00edv\u00fclre nem tov\u00e1bb\u00edtunk.<\/li>\n<\/ul>\n\n\n\n<p><strong>6. Az \u00e9rintettek jogai<\/strong><\/p>\n\n\n\n<p>Szem\u00e9lyes adatai kezel\u00e9s\u00e9vel kapcsolatban \u00d6nt \u00e9rintetti jogok illetik meg, melyet k\u00fcl\u00f6n t\u00e1j\u00e9koztat\u00f3 tartalmaz.<\/p>\n\n\n\n<p><strong>7. Panaszt\u00e9tel joga<\/strong><\/p>\n\n\n\n<p>Amennyiben \u00e9rintetti jogait gyakorolni k\u00edv\u00e1nja, vagy panasszal k\u00edv\u00e1n \u00e9lni, az al\u00e1bbiak szerint kell elj\u00e1rnia:&nbsp;<\/p>\n\n\n\n<p>A 8. pont szerinti el\u00e9rhet\u0151s\u00e9gen beny\u00fajtott panasz\u00e1t, k\u00e9relm\u00e9t&nbsp; indokolatlan k\u00e9sedelem n\u00e9lk\u00fcl, de mindenf\u00e9lek\u00e9ppen a k\u00e9relem be\u00e9rkez\u00e9s\u00e9t\u0151l sz\u00e1m\u00edtott egy h\u00f3napon bel\u00fcl k\u00e9relme nyom\u00e1n hozott int\u00e9zked\u00e9sekr\u0151l. Sz\u00fcks\u00e9g eset\u00e9n, figyelembe v\u00e9ve a k\u00e9relem \u00f6sszetetts\u00e9g\u00e9t \u00e9s a k\u00e9relmek sz\u00e1m\u00e1t, ez a hat\u00e1rid\u0151 tov\u00e1bbi k\u00e9t h\u00f3nappal meghosszabb\u00edthat\u00f3. A hat\u00e1rid\u0151 meghosszabb\u00edt\u00e1s\u00e1r\u00f3l, a k\u00e9sedelem okainak megjel\u00f6l\u00e9s\u00e9vel a k\u00e9relem k\u00e9zhezv\u00e9tel\u00e9t\u0151l sz\u00e1m\u00edtott egy h\u00f3napon bel\u00fcl t\u00e1j\u00e9koztatjuk \u00d6nt. Ha k\u00e9relm\u00e9t elektronikus \u00faton ny\u00fajtotta be, a t\u00e1j\u00e9koztat\u00e1st lehet\u0151s\u00e9g szerint elektronikus \u00faton kell megadni, kiv\u00e9ve, ha azt \u00d6n m\u00e1sk\u00e9nt k\u00e9ri.<\/p>\n\n\n\n<p>Amennyiben az \u00d6n k\u00e9relme nyom\u00e1n nem tesz\u00fcnk int\u00e9zked\u00e9seket, k\u00e9sedelem n\u00e9lk\u00fcl, de legk\u00e9s\u0151bb a k\u00e9relem be\u00e9rkez\u00e9s\u00e9t\u0151l sz\u00e1m\u00edtott egy h\u00f3napon bel\u00fcl t\u00e1j\u00e9koztatjuk \u00d6nt&nbsp; az int\u00e9zked\u00e9s elmarad\u00e1s\u00e1nak okair\u00f3l, valamint arr\u00f3l, hogy az \u00e9rintett panaszt ny\u00fajthat be valamely fel\u00fcgyeleti hat\u00f3s\u00e1gn\u00e1l, \u00e9s \u00e9lhet b\u00edr\u00f3s\u00e1gi jogorvoslati jog\u00e1val.<\/p>\n\n\n\n<p><strong>8. Kapcsolat<\/strong><\/p>\n\n\n\n<p>Adatkezel\u00e9ssel kapcsolatos k\u00e9rd\u00e9seivel vagy k\u00e9r\u00e9seivel forduljon hozz\u00e1nk bizalommal:&nbsp;<\/p>\n\n\n\n<p><strong>El\u00e9rhet\u0151s\u00e9g\u00fcnk: <\/strong><a href=\"https:\/\/pipacspekseg.hu\/pipacs\/\"><strong>https:\/\/pipacspekseg.hu\/pipacs\/<\/strong><\/a><strong>&nbsp;<\/strong><\/p>\n\n\n\n<p><strong>E-mail c\u00edm:\u00a0 <\/strong><a href=\"mailto:ugyvezeto@pipacspekseg.hu\"><strong>info<\/strong><\/a><a href=\"mailto:info@pipacspekseg.hu\"><strong>@pipacspekseg.hu<\/strong><\/a><strong> \u00a0<\/strong><\/p>\n\n\n\n<p><strong>Telefonsz\u00e1m:<\/strong> +36 70 429 8964<\/p>\n\n\n\n<p><\/p>\n","protected":false},"excerpt":{"rendered":"<p>1. Az adatkezel\u0151 &nbsp;ADATKEZEL\u0150 ADATAI N\u00e9v:&nbsp;Sz\u00e9khely:Kapcsolati adatok:C\u00e9gjegyz\u00e9ksz\u00e1m:Ad\u00f3sz\u00e1m:Nyilv\u00e1ntart\u00e1sba v\u00e9telt elrendel\u0151 hat\u00f3s\u00e1g Pipacs P\u00e9ks\u00e9g Kft.1033 Budapest, Szentendrei \u00fat 95.info@pipacspekseg.hu01-09-30567126169718-2-41F\u0151v\u00e1rosi T\u00f6rv\u00e9nysz\u00e9k C\u00e9gb\u00edr\u00f3s\u00e1ga\u00a0 2. Az adatkezel\u00e9s c\u00e9lja \u00e9s jogalapja C\u00e9l: \u00dcgyf\u00e9lszolg\u00e1lati tev\u00e9kenys\u00e9g keret\u00e9ben az Adatkezel\u0151 r\u00e9sz\u00e9r\u0151l az \u00fcgyfelek megkeres\u00e9seinek kezel\u00e9se, megv\u00e1laszol\u00e1sa \u00e9s az \u00fcgyf\u00e9lel\u00e9gedetts\u00e9g jav\u00edt\u00e1sa.&nbsp; Az \u00dcgyf\u00e9lszolg\u00e1latot telefonon, illetve szem\u00e9lyesen lehet el\u00e9rni. Jogalap: az \u00e1ltal\u00e1nos adatv\u00e9delmi rendelet 6. cikk [&hellip;]<\/p>\n","protected":false},"author":1,"featured_media":0,"parent":0,"menu_order":0,"comment_status":"closed","ping_status":"open","template":"","meta":{"_uag_custom_page_level_css":"","site-sidebar-layout":"default","site-content-layout":"","ast-site-content-layout":"default","site-content-style":"default","site-sidebar-style":"default","ast-global-header-display":"","ast-banner-title-visibility":"","ast-main-header-display":"","ast-hfb-above-header-display":"","ast-hfb-below-header-display":"","ast-hfb-mobile-header-display":"","site-post-title":"","ast-breadcrumbs-content":"","ast-featured-img":"","footer-sml-layout":"","theme-transparent-header-meta":"","adv-header-id-meta":"","stick-header-meta":"","header-above-stick-meta":"","header-main-stick-meta":"","header-below-stick-meta":"","astra-migrate-meta-layouts":"set","ast-page-background-enabled":"default","ast-page-background-meta":{"desktop":{"background-color":"var(--ast-global-color-4)","background-image":"","background-repeat":"repeat","background-position":"center center","background-size":"auto","background-attachment":"scroll","background-type":"","background-media":"","overlay-type":"","overlay-color":"","overlay-gradient":""},"tablet":{"background-color":"","background-image":"","background-repeat":"repeat","background-position":"center center","background-size":"auto","background-attachment":"scroll","background-type":"","background-media":"","overlay-type":"","overlay-color":"","overlay-gradient":""},"mobile":{"background-color":"","background-image":"","background-repeat":"repeat","background-position":"center center","background-size":"auto","background-attachment":"scroll","background-type":"","background-media":"","overlay-type":"","overlay-color":"","overlay-gradient":""}},"ast-content-background-meta":{"desktop":{"background-color":"var(--ast-global-color-5)","background-image":"","background-repeat":"repeat","background-position":"center center","background-size":"auto","background-attachment":"scroll","background-type":"","background-media":"","overlay-type":"","overlay-color":"","overlay-gradient":""},"tablet":{"background-color":"var(--ast-global-color-5)","background-image":"","background-repeat":"repeat","background-position":"center center","background-size":"auto","background-attachment":"scroll","background-type":"","background-media":"","overlay-type":"","overlay-color":"","overlay-gradient":""},"mobile":{"background-color":"var(--ast-global-color-5)","background-image":"","background-repeat":"repeat","background-position":"center center","background-size":"auto","background-attachment":"scroll","background-type":"","background-media":"","overlay-type":"","overlay-color":"","overlay-gradient":""}},"footnotes":""},"class_list":["post-1224","page","type-page","status-publish","hentry"],"uagb_featured_image_src":{"full":false,"thumbnail":false,"medium":false,"medium_large":false,"large":false,"1536x1536":false,"2048x2048":false,"trp-custom-language-flag":false},"uagb_author_info":{"display_name":"admin","author_link":"https:\/\/pipacspekseg.hu\/pipacs\/author\/admin\/"},"uagb_comment_info":0,"uagb_excerpt":"1. Az adatkezel\u0151 &nbsp;ADATKEZEL\u0150 ADATAI N\u00e9v:&nbsp;Sz\u00e9khely:Kapcsolati adatok:C\u00e9gjegyz\u00e9ksz\u00e1m:Ad\u00f3sz\u00e1m:Nyilv\u00e1ntart\u00e1sba v\u00e9telt elrendel\u0151 hat\u00f3s\u00e1g Pipacs P\u00e9ks\u00e9g Kft.1033 Budapest, Szentendrei \u00fat 95.info@pipacspekseg.hu01-09-30567126169718-2-41F\u0151v\u00e1rosi T\u00f6rv\u00e9nysz\u00e9k C\u00e9gb\u00edr\u00f3s\u00e1ga\u00a0 2. Az adatkezel\u00e9s c\u00e9lja \u00e9s jogalapja C\u00e9l: \u00dcgyf\u00e9lszolg\u00e1lati tev\u00e9kenys\u00e9g keret\u00e9ben az Adatkezel\u0151 r\u00e9sz\u00e9r\u0151l az \u00fcgyfelek megkeres\u00e9seinek kezel\u00e9se, megv\u00e1laszol\u00e1sa \u00e9s az \u00fcgyf\u00e9lel\u00e9gedetts\u00e9g jav\u00edt\u00e1sa.&nbsp; Az \u00dcgyf\u00e9lszolg\u00e1latot telefonon, illetve szem\u00e9lyesen lehet el\u00e9rni. Jogalap: az \u00e1ltal\u00e1nos adatv\u00e9delmi rendelet 6. cikk&hellip;","_links":{"self":[{"href":"https:\/\/pipacspekseg.hu\/pipacs\/wp-json\/wp\/v2\/pages\/1224","targetHints":{"allow":["GET"]}}],"collection":[{"href":"https:\/\/pipacspekseg.hu\/pipacs\/wp-json\/wp\/v2\/pages"}],"about":[{"href":"https:\/\/pipacspekseg.hu\/pipacs\/wp-json\/wp\/v2\/types\/page"}],"author":[{"embeddable":true,"href":"https:\/\/pipacspekseg.hu\/pipacs\/wp-json\/wp\/v2\/users\/1"}],"replies":[{"embeddable":true,"href":"https:\/\/pipacspekseg.hu\/pipacs\/wp-json\/wp\/v2\/comments?post=1224"}],"version-history":[{"count":3,"href":"https:\/\/pipacspekseg.hu\/pipacs\/wp-json\/wp\/v2\/pages\/1224\/revisions"}],"predecessor-version":[{"id":1240,"href":"https:\/\/pipacspekseg.hu\/pipacs\/wp-json\/wp\/v2\/pages\/1224\/revisions\/1240"}],"wp:attachment":[{"href":"https:\/\/pipacspekseg.hu\/pipacs\/wp-json\/wp\/v2\/media?parent=1224"}],"curies":[{"name":"wp","href":"https:\/\/api.w.org\/{rel}","templated":true}]}}