{"id":882,"date":"2023-12-29T14:42:29","date_gmt":"2023-12-29T13:42:29","guid":{"rendered":"https:\/\/pipacspekseg.hu\/pipacs\/?page_id=882"},"modified":"2025-02-26T15:46:50","modified_gmt":"2025-02-26T14:46:50","slug":"viszonteladok","status":"publish","type":"page","link":"https:\/\/pipacspekseg.hu\/pipacs\/viszonteladok\/","title":{"rendered":"Viszontelad\u00f3ink"},"content":{"rendered":"\n<div class=\"wp-block-cover alignfull is-light\" style=\"padding-top:var(--wp--preset--spacing--30);padding-right:var(--wp--preset--spacing--30);padding-bottom:var(--wp--preset--spacing--30);padding-left:var(--wp--preset--spacing--30)\"><span aria-hidden=\"true\" class=\"wp-block-cover__background has-black-background-color has-background-dim\"><\/span><img loading=\"lazy\" decoding=\"async\" width=\"1600\" height=\"1000\" class=\"wp-block-cover__image-background wp-image-1002\" alt=\"\" src=\"https:\/\/pipacspekseg.hu\/pipacs\/wp-content\/uploads\/2024\/01\/header-viszonteladok3.jpg\" data-object-fit=\"cover\" srcset=\"https:\/\/pipacspekseg.hu\/pipacs\/wp-content\/uploads\/2024\/01\/header-viszonteladok3.jpg 1600w, https:\/\/pipacspekseg.hu\/pipacs\/wp-content\/uploads\/2024\/01\/header-viszonteladok3-300x188.jpg 300w, https:\/\/pipacspekseg.hu\/pipacs\/wp-content\/uploads\/2024\/01\/header-viszonteladok3-1024x640.jpg 1024w, https:\/\/pipacspekseg.hu\/pipacs\/wp-content\/uploads\/2024\/01\/header-viszonteladok3-768x480.jpg 768w, https:\/\/pipacspekseg.hu\/pipacs\/wp-content\/uploads\/2024\/01\/header-viszonteladok3-1536x960.jpg 1536w, https:\/\/pipacspekseg.hu\/pipacs\/wp-content\/uploads\/2024\/01\/header-viszonteladok3-18x12.jpg 18w\" sizes=\"auto, (max-width: 1600px) 100vw, 1600px\" \/><div class=\"wp-block-cover__inner-container is-layout-flow wp-block-cover-is-layout-flow\">\n<div class=\"wp-block-uagb-advanced-heading uagb-block-e24b40e5\"><h1 class=\"uagb-heading-text\">Viszontelad\u00f3ink<\/h1><\/div>\n<\/div><\/div>\n\n\n\n<div style=\"height:50px\" aria-hidden=\"true\" class=\"wp-block-spacer\"><\/div>\n\n\n\n<h2 class=\"wp-block-heading has-text-align-center\" style=\"margin-top:6rem;margin-right:0rem;margin-bottom:6rem;margin-left:0rem;font-size:40px\">Viszontelad\u00f3inkn\u00e1l nem \u00e9rhet\u0151 el a Pipacs Bolt minden term\u00e9ke, ez\u00e9rt arra k\u00e9r\u00fcnk, hogy \u00e9rdekl\u0151dj helyben, hogy adott partnereinkn\u00e9l mi rendelhet\u0151. Amennyiben valamelyik viszontelad\u00f3nkn\u00e1l szeretn\u00e9d \u00e1tvenni&nbsp;a rendel\u00e9sed, akkor k\u00e9r\u00fcnk, hogy k\u00f6zvetlen\u00fcl ott add le.<\/h2>\n\n\n\n<div class=\"wp-block-columns alignfull is-layout-flex wp-container-core-columns-is-layout-28f84493 wp-block-columns-is-layout-flex\">\n<div class=\"wp-block-column is-layout-flow wp-block-column-is-layout-flow\" style=\"flex-basis:50%\">\n<div class=\"wp-block-cover is-light\" style=\"min-height:400px;aspect-ratio:unset;\"><span aria-hidden=\"true\" class=\"wp-block-cover__background has-background-dim-100 has-background-dim\" style=\"background-color:#f6f6f6\"><\/span><div class=\"wp-block-cover__inner-container is-layout-flow wp-block-cover-is-layout-flow\">\t\t\t<div data-aos= \"fade\" data-aos-duration=\"400\" data-aos-delay=\"0\" data-aos-easing=\"ease\" data-aos-once=\"true\" \n\t\t\tclass=\"wp-block-uagb-google-map uagb-google-map__wrap uagb-block-4e3cf1fb     \"\n\t\t\tstyle=\"\" >\n\t\t\t\t<embed\n\t\t\t\t\tclass=\"uagb-google-map__iframe\"\n\t\t\t\t\ttitle=\"Google Map for \"\n\t\t\t\t\tsrc=\"https:\/\/maps.google.com\/maps?q=2600%20V%C3%A1c%2C%20K%C3%B6zt%C3%A1rsas%C3%A1g%20%C3%BAt%2010&#038;z=14&#038;hl=hu&#038;t=m&#038;output=embed&#038;iwloc=near\"\n\t\t\t\t\twidth=\"640\"\n\t\t\t\t\theight=\"300\"\n\t\t\t\t\tloading=\"lazy\"\n\t\t\t\t><\/embed>\n\t\t\t<\/div>\n\t\t\t<\/div><\/div>\n<\/div>\n\n\n\n<div class=\"wp-block-column is-vertically-aligned-center is-layout-flow wp-block-column-is-layout-flow\" style=\"padding-top:1em;padding-right:1em;padding-bottom:1em;padding-left:1em\">\n<div class=\"wp-block-columns is-layout-flex wp-container-core-columns-is-layout-28f84493 wp-block-columns-is-layout-flex\">\n<div class=\"wp-block-column is-layout-flow wp-block-column-is-layout-flow\" style=\"flex-basis:320px\">\n<p class=\"has-medium-font-size\"><strong><strong>Premier Meat H\u00fasbolt Zamat \u00e9s Delik\u00e1t<\/strong><\/strong><\/p>\n\n\n\n<p>2600 V\u00e1c, K\u00f6zt\u00e1rsas\u00e1g \u00fat 10<\/p>\n\n\n\n<p><em>Pipacs keny\u00e9r napja: Szerda, p\u00e9ntek<\/em><\/p>\n\n\n\n<p>Telefon: (70) 391 8379<\/p>\n\n\n\n<p>Web:\u00a0<a href=\"https:\/\/www.facebook.com\/premiermeathusbolt\/\">facebook.com\/premiermeathusbolt\/<\/a><\/p>\n<\/div>\n<\/div>\n<\/div>\n<\/div>\n\n\n\n<div class=\"wp-block-columns alignfull is-layout-flex wp-container-core-columns-is-layout-28f84493 wp-block-columns-is-layout-flex\">\n<div class=\"wp-block-column is-layout-flow wp-block-column-is-layout-flow\" style=\"flex-basis:50%\">\n<div class=\"wp-block-cover is-light\" style=\"min-height:400px;aspect-ratio:unset;\"><span aria-hidden=\"true\" class=\"wp-block-cover__background has-background-dim-100 has-background-dim\" style=\"background-color:#f6f6f6\"><\/span><div class=\"wp-block-cover__inner-container is-layout-flow wp-block-cover-is-layout-flow\">\t\t\t<div data-aos= \"fade\" data-aos-duration=\"400\" data-aos-delay=\"0\" data-aos-easing=\"ease\" data-aos-once=\"true\" \n\t\t\tclass=\"wp-block-uagb-google-map uagb-google-map__wrap uagb-block-132afabc     \"\n\t\t\tstyle=\"\" >\n\t\t\t\t<embed\n\t\t\t\t\tclass=\"uagb-google-map__iframe\"\n\t\t\t\t\ttitle=\"Google Map for \"\n\t\t\t\t\tsrc=\"https:\/\/maps.google.com\/maps?q=1082%20Budapest%20Corvin%20s%C3%A9t%C3%A1ny%202%2Fb&#038;z=14&#038;hl=hu&#038;t=m&#038;output=embed&#038;iwloc=near\"\n\t\t\t\t\twidth=\"640\"\n\t\t\t\t\theight=\"300\"\n\t\t\t\t\tloading=\"lazy\"\n\t\t\t\t><\/embed>\n\t\t\t<\/div>\n\t\t\t<\/div><\/div>\n<\/div>\n\n\n\n<div class=\"wp-block-column is-vertically-aligned-center is-layout-flow wp-block-column-is-layout-flow\" style=\"padding-top:1em;padding-right:1em;padding-bottom:1em;padding-left:1em\">\n<div class=\"wp-block-columns is-layout-flex wp-container-core-columns-is-layout-28f84493 wp-block-columns-is-layout-flex\">\n<div class=\"wp-block-column is-layout-flow wp-block-column-is-layout-flow\" style=\"flex-basis:320px\">\n<p class=\"has-medium-font-size\"><strong><strong>Mr. Fruit<\/strong><\/strong><\/p>\n\n\n\n<p>1082 Budapest, Corvin s\u00e9t\u00e1ny 2\/b<\/p>\n\n\n\n<p><em>Pipacs keny\u00e9r napja: H\u00e9tf\u0151, szerda, p\u00e9ntek<\/em><\/p>\n\n\n\n<p>Telefon: (70) 623 5383<\/p>\n\n\n\n<p>Web:&nbsp;<a href=\"https:\/\/www.facebook.com\/mrfruitdelicates\">facebook.com\/mrfruitdelicates<\/a><\/p>\n<\/div>\n<\/div>\n<\/div>\n<\/div>\n\n\n\n<div class=\"wp-block-uagb-separator uagb-block-86b76ff8\"><div class=\"wp-block-uagb-separator__inner\" style=\"--my-background-image:\"><\/div><\/div>\n\n\n\n<div class=\"wp-block-columns alignfull is-layout-flex wp-container-core-columns-is-layout-28f84493 wp-block-columns-is-layout-flex\">\n<div class=\"wp-block-column is-layout-flow wp-block-column-is-layout-flow\" style=\"flex-basis:50%\">\n<div class=\"wp-block-cover\" style=\"min-height:400px;aspect-ratio:unset;\"><span aria-hidden=\"true\" class=\"wp-block-cover__background has-background-dim-100 has-background-dim\" style=\"background-color:#f6f6f6\"><\/span><div class=\"wp-block-cover__inner-container is-layout-flow wp-block-cover-is-layout-flow\">\t\t\t<div data-aos= \"fade\" data-aos-duration=\"400\" data-aos-delay=\"0\" data-aos-easing=\"ease\" data-aos-once=\"true\" \n\t\t\tclass=\"wp-block-uagb-google-map uagb-google-map__wrap uagb-block-9a35fce1     \"\n\t\t\tstyle=\"\" >\n\t\t\t\t<embed\n\t\t\t\t\tclass=\"uagb-google-map__iframe\"\n\t\t\t\t\ttitle=\"Google Map for \"\n\t\t\t\t\tsrc=\"https:\/\/maps.google.com\/maps?q=1124%20Budapest%20Cs%C3%B6rsz%20u.%2018&#038;z=14&#038;hl=hu&#038;t=m&#038;output=embed&#038;iwloc=near\"\n\t\t\t\t\twidth=\"640\"\n\t\t\t\t\theight=\"300\"\n\t\t\t\t\tloading=\"lazy\"\n\t\t\t\t><\/embed>\n\t\t\t<\/div>\n\t\t\t<\/div><\/div>\n<\/div>\n\n\n\n<div class=\"wp-block-column is-vertically-aligned-center is-layout-flow wp-block-column-is-layout-flow\" style=\"padding-top:1em;padding-right:1em;padding-bottom:1em;padding-left:1em\">\n<div class=\"wp-block-columns is-layout-flex wp-container-core-columns-is-layout-28f84493 wp-block-columns-is-layout-flex\">\n<div class=\"wp-block-column is-layout-flow wp-block-column-is-layout-flow\" style=\"flex-basis:320px\">\n<p class=\"has-medium-font-size\"><strong><strong>Lui-Bio<\/strong><\/strong><\/p>\n\n\n\n<p>1124 Budapest, Cs\u00f6rsz u. 18 (MOM biopiac)<\/p>\n\n\n\n<p><em>Pipacs keny\u00e9r napja: Szombat<\/em><\/p>\n\n\n\n<p>Telefon: (70) 515 2279<\/p>\n<\/div>\n<\/div>\n<\/div>\n<\/div>\n\n\n\n<div class=\"wp-block-columns alignfull is-layout-flex wp-container-core-columns-is-layout-28f84493 wp-block-columns-is-layout-flex\">\n<div class=\"wp-block-column is-layout-flow wp-block-column-is-layout-flow\" style=\"flex-basis:50%\">\n<div class=\"wp-block-cover\" style=\"min-height:400px;aspect-ratio:unset;\"><span aria-hidden=\"true\" class=\"wp-block-cover__background has-background-dim-100 has-background-dim\" style=\"background-color:#f6f6f6\"><\/span><div class=\"wp-block-cover__inner-container is-layout-flow wp-block-cover-is-layout-flow\">\t\t\t<div data-aos= \"fade\" data-aos-duration=\"400\" data-aos-delay=\"0\" data-aos-easing=\"ease\" data-aos-once=\"true\" \n\t\t\tclass=\"wp-block-uagb-google-map uagb-google-map__wrap uagb-block-a18a0754     \"\n\t\t\tstyle=\"\" >\n\t\t\t\t<embed\n\t\t\t\t\tclass=\"uagb-google-map__iframe\"\n\t\t\t\t\ttitle=\"Google Map for \"\n\t\t\t\t\tsrc=\"https:\/\/maps.google.com\/maps?q=1124%20Budapest%2C%20F%C3%BCrj%20u.%202&#038;z=14&#038;hl=hu&#038;t=m&#038;output=embed&#038;iwloc=near\"\n\t\t\t\t\twidth=\"640\"\n\t\t\t\t\theight=\"300\"\n\t\t\t\t\tloading=\"lazy\"\n\t\t\t\t><\/embed>\n\t\t\t<\/div>\n\t\t\t<\/div><\/div>\n<\/div>\n\n\n\n<div class=\"wp-block-column is-vertically-aligned-center is-layout-flow wp-block-column-is-layout-flow\" style=\"padding-top:1em;padding-right:1em;padding-bottom:1em;padding-left:1em\">\n<div class=\"wp-block-columns is-layout-flex wp-container-core-columns-is-layout-28f84493 wp-block-columns-is-layout-flex\">\n<div class=\"wp-block-column is-layout-flow wp-block-column-is-layout-flow\" style=\"flex-basis:320px\">\n<p class=\"has-medium-font-size\"><strong>8&amp;8<\/strong><\/p>\n\n\n\n<p>1124 Budapest, F\u00fcrj u. 2<\/p>\n\n\n\n<p><em>Pipacs keny\u00e9r napja: Szerda, p\u00e9ntek<\/em><\/p>\n\n\n\n<p>Telefon: (30) 400 3888<\/p>\n\n\n\n<p>Web:&nbsp;<a href=\"https:\/\/www.facebook.com\/nyolcesnyolc\/\">facebook.com\/nyolcesnyolc<\/a><\/p>\n<\/div>\n<\/div>\n<\/div>\n<\/div>\n\n\n\n<div class=\"wp-block-columns alignfull is-layout-flex wp-container-core-columns-is-layout-28f84493 wp-block-columns-is-layout-flex\">\n<div class=\"wp-block-column is-layout-flow wp-block-column-is-layout-flow\" style=\"flex-basis:50%\">\n<div class=\"wp-block-cover\" style=\"min-height:400px;aspect-ratio:unset;\"><span aria-hidden=\"true\" class=\"wp-block-cover__background has-background-dim-100 has-background-dim\" style=\"background-color:#f6f6f6\"><\/span><div class=\"wp-block-cover__inner-container is-layout-flow wp-block-cover-is-layout-flow\">\t\t\t<div data-aos= \"fade\" data-aos-duration=\"400\" data-aos-delay=\"0\" data-aos-easing=\"ease\" data-aos-once=\"true\" \n\t\t\tclass=\"wp-block-uagb-google-map uagb-google-map__wrap uagb-block-82f989e7     \"\n\t\t\tstyle=\"\" >\n\t\t\t\t<embed\n\t\t\t\t\tclass=\"uagb-google-map__iframe\"\n\t\t\t\t\ttitle=\"Google Map for \"\n\t\t\t\t\tsrc=\"https:\/\/maps.google.com\/maps?q=1016%20Budapest%2C%20Szirtes%20u.%2019&#038;z=14&#038;hl=hu&#038;t=m&#038;output=embed&#038;iwloc=near\"\n\t\t\t\t\twidth=\"640\"\n\t\t\t\t\theight=\"300\"\n\t\t\t\t\tloading=\"lazy\"\n\t\t\t\t><\/embed>\n\t\t\t<\/div>\n\t\t\t<\/div><\/div>\n<\/div>\n\n\n\n<div class=\"wp-block-column is-vertically-aligned-center is-layout-flow wp-block-column-is-layout-flow\" style=\"padding-top:1em;padding-right:1em;padding-bottom:1em;padding-left:1em\">\n<div class=\"wp-block-columns is-layout-flex wp-container-core-columns-is-layout-28f84493 wp-block-columns-is-layout-flex\">\n<div class=\"wp-block-column is-layout-flow wp-block-column-is-layout-flow\" style=\"flex-basis:320px\">\n<p class=\"has-medium-font-size\"><strong>F\u00fcge<\/strong><\/p>\n\n\n\n<p>1016 Budapest, Szirtes u. 19<\/p>\n\n\n\n<p><em>Pipacs keny\u00e9r napja: Szerda, p\u00e9ntek<\/em><\/p>\n\n\n\n<p>Telefon: (20) 555 9599<\/p>\n\n\n\n<p>Web:<a href=\"https:\/\/www.facebook.com\/FugeKavezo\">facebook.com\/FugeKavezo<\/a><\/p>\n<\/div>\n<\/div>\n<\/div>\n<\/div>\n\n\n\n<div class=\"wp-block-columns alignfull is-layout-flex wp-container-core-columns-is-layout-28f84493 wp-block-columns-is-layout-flex\">\n<div class=\"wp-block-column is-layout-flow wp-block-column-is-layout-flow\" style=\"flex-basis:50%\">\n<div class=\"wp-block-cover\" style=\"min-height:400px;aspect-ratio:unset;\"><span aria-hidden=\"true\" class=\"wp-block-cover__background has-background-dim-100 has-background-dim\" style=\"background-color:#f6f6f6\"><\/span><div class=\"wp-block-cover__inner-container is-layout-flow wp-block-cover-is-layout-flow\">\t\t\t<div data-aos= \"fade\" data-aos-duration=\"400\" data-aos-delay=\"0\" data-aos-easing=\"ease\" data-aos-once=\"true\" \n\t\t\tclass=\"wp-block-uagb-google-map uagb-google-map__wrap uagb-block-41b2de61     \"\n\t\t\tstyle=\"\" >\n\t\t\t\t<embed\n\t\t\t\t\tclass=\"uagb-google-map__iframe\"\n\t\t\t\t\ttitle=\"Google Map for \"\n\t\t\t\t\tsrc=\"https:\/\/maps.google.com\/maps?q=1122%20Budapest%2C%20Csaba%20u.%205.%20%28templom%29&#038;z=14&#038;hl=hu&#038;t=m&#038;output=embed&#038;iwloc=near\"\n\t\t\t\t\twidth=\"640\"\n\t\t\t\t\theight=\"300\"\n\t\t\t\t\tloading=\"lazy\"\n\t\t\t\t><\/embed>\n\t\t\t<\/div>\n\t\t\t<\/div><\/div>\n<\/div>\n\n\n\n<div class=\"wp-block-column is-vertically-aligned-center is-layout-flow wp-block-column-is-layout-flow\" style=\"padding-top:1em;padding-right:1em;padding-bottom:1em;padding-left:1em\">\n<div class=\"wp-block-columns is-layout-flex wp-container-core-columns-is-layout-28f84493 wp-block-columns-is-layout-flex\">\n<div class=\"wp-block-column is-layout-flow wp-block-column-is-layout-flow\" style=\"flex-basis:320px\">\n<p class=\"has-medium-font-size\"><strong>V\u00e1rosmajori Piac<\/strong><\/p>\n\n\n\n<p>1122 Budapest, Csaba u. 5. (templom)<\/p>\n\n\n\n<p><em>Pipacs keny\u00e9r nap<\/em>ja: H\u00e9tf\u0151, szerda, p\u00e9ntek<\/p>\n\n\n\n<p>Telefon: (30) 622 7500<\/p>\n\n\n\n<p>Web:&nbsp;<a href=\"https:\/\/www.facebook.com\/elotiszapiac\">facebook.com\/elotiszapiac<\/a><\/p>\n<\/div>\n<\/div>\n<\/div>\n<\/div>\n\n\n\n<style>\n\n.ast-plain-container.ast-no-sidebar .entry-content > .alignfull:not(.wp-block-cover.alignfull){\nmax-width: 1400px !important;\n    margin: 0 auto !important;\n}\n\n.wp-block-column a{\ntext-decoration: underline !important;\n}\n\n<\/style>\n","protected":false},"excerpt":{"rendered":"<p>Viszontelad\u00f3inkn\u00e1l nem \u00e9rhet\u0151 el a Pipacs Bolt minden term\u00e9ke, ez\u00e9rt arra k\u00e9r\u00fcnk, hogy \u00e9rdekl\u0151dj helyben, hogy adott partnereinkn\u00e9l mi rendelhet\u0151. Amennyiben valamelyik viszontelad\u00f3nkn\u00e1l szeretn\u00e9d \u00e1tvenni&nbsp;a rendel\u00e9sed, akkor k\u00e9r\u00fcnk, hogy k\u00f6zvetlen\u00fcl ott add le. Premier Meat H\u00fasbolt Zamat \u00e9s Delik\u00e1t 2600 V\u00e1c, K\u00f6zt\u00e1rsas\u00e1g \u00fat 10 Pipacs keny\u00e9r napja: Szerda, p\u00e9ntek Telefon: (70) 391 8379 Web:\u00a0facebook.com\/premiermeathusbolt\/ Mr. [&hellip;]<\/p>\n","protected":false},"author":1,"featured_media":0,"parent":0,"menu_order":0,"comment_status":"closed","ping_status":"closed","template":"","meta":{"_uag_custom_page_level_css":"","site-sidebar-layout":"default","site-content-layout":"","ast-site-content-layout":"normal-width-container","site-content-style":"unboxed","site-sidebar-style":"default","ast-global-header-display":"","ast-banner-title-visibility":"","ast-main-header-display":"","ast-hfb-above-header-display":"","ast-hfb-below-header-display":"","ast-hfb-mobile-header-display":"","site-post-title":"","ast-breadcrumbs-content":"","ast-featured-img":"","footer-sml-layout":"","theme-transparent-header-meta":"","adv-header-id-meta":"","stick-header-meta":"","header-above-stick-meta":"","header-main-stick-meta":"","header-below-stick-meta":"","astra-migrate-meta-layouts":"set","ast-page-background-enabled":"default","ast-page-background-meta":{"desktop":{"background-color":"var(--ast-global-color-4)","background-image":"","background-repeat":"repeat","background-position":"center center","background-size":"auto","background-attachment":"scroll","background-type":"","background-media":"","overlay-type":"","overlay-color":"","overlay-gradient":""},"tablet":{"background-color":"","background-image":"","background-repeat":"repeat","background-position":"center center","background-size":"auto","background-attachment":"scroll","background-type":"","background-media":"","overlay-type":"","overlay-color":"","overlay-gradient":""},"mobile":{"background-color":"","background-image":"","background-repeat":"repeat","background-position":"center center","background-size":"auto","background-attachment":"scroll","background-type":"","background-media":"","overlay-type":"","overlay-color":"","overlay-gradient":""}},"ast-content-background-meta":{"desktop":{"background-color":"var(--ast-global-color-5)","background-image":"","background-repeat":"repeat","background-position":"center center","background-size":"auto","background-attachment":"scroll","background-type":"","background-media":"","overlay-type":"","overlay-color":"","overlay-gradient":""},"tablet":{"background-color":"var(--ast-global-color-5)","background-image":"","background-repeat":"repeat","background-position":"center center","background-size":"auto","background-attachment":"scroll","background-type":"","background-media":"","overlay-type":"","overlay-color":"","overlay-gradient":""},"mobile":{"background-color":"var(--ast-global-color-5)","background-image":"","background-repeat":"repeat","background-position":"center center","background-size":"auto","background-attachment":"scroll","background-type":"","background-media":"","overlay-type":"","overlay-color":"","overlay-gradient":""}},"footnotes":""},"class_list":["post-882","page","type-page","status-publish","hentry"],"uagb_featured_image_src":{"full":false,"thumbnail":false,"medium":false,"medium_large":false,"large":false,"1536x1536":false,"2048x2048":false,"trp-custom-language-flag":false},"uagb_author_info":{"display_name":"admin","author_link":"https:\/\/pipacspekseg.hu\/pipacs\/author\/admin\/"},"uagb_comment_info":0,"uagb_excerpt":"Viszontelad\u00f3inkn\u00e1l nem \u00e9rhet\u0151 el a Pipacs Bolt minden term\u00e9ke, ez\u00e9rt arra k\u00e9r\u00fcnk, hogy \u00e9rdekl\u0151dj helyben, hogy adott partnereinkn\u00e9l mi rendelhet\u0151. Amennyiben valamelyik viszontelad\u00f3nkn\u00e1l szeretn\u00e9d \u00e1tvenni&nbsp;a rendel\u00e9sed, akkor k\u00e9r\u00fcnk, hogy k\u00f6zvetlen\u00fcl ott add le. Premier Meat H\u00fasbolt Zamat \u00e9s Delik\u00e1t 2600 V\u00e1c, K\u00f6zt\u00e1rsas\u00e1g \u00fat 10 Pipacs keny\u00e9r napja: Szerda, p\u00e9ntek Telefon: (70) 391 8379 Web:\u00a0facebook.com\/premiermeathusbolt\/ Mr.&hellip;","_links":{"self":[{"href":"https:\/\/pipacspekseg.hu\/pipacs\/wp-json\/wp\/v2\/pages\/882","targetHints":{"allow":["GET"]}}],"collection":[{"href":"https:\/\/pipacspekseg.hu\/pipacs\/wp-json\/wp\/v2\/pages"}],"about":[{"href":"https:\/\/pipacspekseg.hu\/pipacs\/wp-json\/wp\/v2\/types\/page"}],"author":[{"embeddable":true,"href":"https:\/\/pipacspekseg.hu\/pipacs\/wp-json\/wp\/v2\/users\/1"}],"replies":[{"embeddable":true,"href":"https:\/\/pipacspekseg.hu\/pipacs\/wp-json\/wp\/v2\/comments?post=882"}],"version-history":[{"count":22,"href":"https:\/\/pipacspekseg.hu\/pipacs\/wp-json\/wp\/v2\/pages\/882\/revisions"}],"predecessor-version":[{"id":1198,"href":"https:\/\/pipacspekseg.hu\/pipacs\/wp-json\/wp\/v2\/pages\/882\/revisions\/1198"}],"wp:attachment":[{"href":"https:\/\/pipacspekseg.hu\/pipacs\/wp-json\/wp\/v2\/media?parent=882"}],"curies":[{"name":"wp","href":"https:\/\/api.w.org\/{rel}","templated":true}]}}